{"id":23113,"date":"2024-02-09T18:04:03","date_gmt":"2024-02-09T15:04:03","guid":{"rendered":"https:\/\/desiredleather.com\/shop\/translation-placeholder-for-product-id-18847\/"},"modified":"2025-10-10T14:37:35","modified_gmt":"2025-10-10T11:37:35","slug":"bretelles-pour-homme","status":"publish","type":"product","link":"https:\/\/desiredleather.com\/fr\/shop\/bretelles-pour-homme\/","title":{"rendered":"Bretelles pour homme"},"content":{"rendered":"<p>Bretelles en cuir pour hommes.<br \/>\nAccessoire \u00e9l\u00e9gant et cadeau pour hommes.<br \/>\nNous utilisons uniquement du cuir de qualit\u00e9 sup\u00e9rieure et des ferrures en acier inoxydable.<\/p>\n<p>TAILLE:<\/p>\n<p>Les tailles sont ajust\u00e9es \u00e0 l&#8217;aide d&#8217;un curseur et varient de :<\/p>\n<p>Petit \u2013 de XS \u00e0 S  &#8211; Correspond \u00e0 une taille d&#8217;environ 165 cm ou moins, et 70 kg ou moins.<br \/>\nMoyen \u2013 de M \u00e0 L &#8211; Correspond \u00e0 une hauteur de 165 &#8211; 185 cm, et 70 &#8211; 95 kg.<br \/>\nGrand \u2013 de XL \u00e0 XXL &#8211; Correspond \u00e0 une hauteur de 185 cm et plus, et 95 kg et plus.<\/p>\n<p>Si vous n&#8217;\u00eates pas s\u00fbr de la taille, indiquez votre hauteur et votre taille de v\u00eatements dans les notes de la commande.<\/p>\n<p>TEMPS DE PRODUCTION:<\/p>\n<p>2 \u00e0 5 jours ouvr\u00e9s.<\/p>\n<p>TAXES:<\/p>\n<p>Si vous r\u00e9sidez en Europe, des droits de douane peuvent vous \u00eatre factur\u00e9s.<br \/>\nNous ne sommes pas responsables des taxes du pays dans lequel vous vivez.<\/p>\n","protected":false},"excerpt":{"rendered":"<p>Bretelles en cuir pour hommes. Accessoire \u00e9l\u00e9gant et cadeau pour hommes. Nous utilisons uniquement du cuir de qualit\u00e9 sup\u00e9rieure et<\/p>\n","protected":false},"featured_media":23120,"comment_status":"open","ping_status":"closed","template":"","meta":{"content-type":""},"product_brand":[],"product_cat":[473],"product_tag":[],"class_list":{"0":"post-23113","1":"product","2":"type-product","3":"status-publish","4":"has-post-thumbnail","6":"product_cat-accessoires-en-cuir-lifestyle","7":"product_shipping_class-international","9":"first","10":"instock","11":"shipping-taxable","12":"purchasable","13":"product-type-variable"},"_links":{"self":[{"href":"https:\/\/desiredleather.com\/fr\/wp-json\/wp\/v2\/product\/23113","targetHints":{"allow":["GET"]}}],"collection":[{"href":"https:\/\/desiredleather.com\/fr\/wp-json\/wp\/v2\/product"}],"about":[{"href":"https:\/\/desiredleather.com\/fr\/wp-json\/wp\/v2\/types\/product"}],"replies":[{"embeddable":true,"href":"https:\/\/desiredleather.com\/fr\/wp-json\/wp\/v2\/comments?post=23113"}],"wp:featuredmedia":[{"embeddable":true,"href":"https:\/\/desiredleather.com\/fr\/wp-json\/wp\/v2\/media\/23120"}],"wp:attachment":[{"href":"https:\/\/desiredleather.com\/fr\/wp-json\/wp\/v2\/media?parent=23113"}],"wp:term":[{"taxonomy":"product_brand","embeddable":true,"href":"https:\/\/desiredleather.com\/fr\/wp-json\/wp\/v2\/product_brand?post=23113"},{"taxonomy":"product_cat","embeddable":true,"href":"https:\/\/desiredleather.com\/fr\/wp-json\/wp\/v2\/product_cat?post=23113"},{"taxonomy":"product_tag","embeddable":true,"href":"https:\/\/desiredleather.com\/fr\/wp-json\/wp\/v2\/product_tag?post=23113"}],"curies":[{"name":"wp","href":"https:\/\/api.w.org\/{rel}","templated":true}]}}