{"id":23068,"date":"2023-10-20T12:51:52","date_gmt":"2023-10-20T09:51:52","guid":{"rendered":"https:\/\/desiredleather.com\/shop\/translation-placeholder-for-product-id-18100\/"},"modified":"2025-10-10T15:07:24","modified_gmt":"2025-10-10T12:07:24","slug":"ensemble-complet-de-sangles-pour-appareil-photo-avec-coutures","status":"publish","type":"product","link":"https:\/\/desiredleather.com\/fr\/shop\/ensemble-complet-de-sangles-pour-appareil-photo-avec-coutures\/","title":{"rendered":"Ensemble complet de sangles pour appareil photo avec coutures"},"content":{"rendered":"<h3>Contenu de l&#8217;ensemble :<\/h3>\n<p><strong>SANGLE DOUBLE PERSONNALIS\u00c9E POUR APPAREIL PHOTO AVEC VOTRE LOGO<\/strong><\/p>\n<p><strong>Sangle pectorale<\/strong><\/p>\n<p><strong>Sangles pour troisi\u00e8me appareil photo<\/strong><\/p>\n<p><strong>2 ancrages pour passants de ceinture<\/strong><\/p>\n<p><strong>tous les \u00e9l\u00e9ments avec coutures<\/strong><\/p>\n<p>Ce mod\u00e8le de harnais pour appareil photo est fabriqu\u00e9 \u00e0 la main en cuir pleine fleur de vache.<\/p>\n<p><strong>Largeur de la ceinture<\/strong> \u2013 3,8 cm (1,5 pouce)<\/p>\n<p><strong>Mat\u00e9riau<\/strong> \u2013 cuir pleine fleur<\/p>\n<p><strong>Quincaillerie<\/strong> \u2013 acier inoxydable<\/p>\n<p><strong>Coutures<\/strong> \u2013 oui<\/p>\n<p><strong>Logo<\/strong> \u2013 gravure gratuite incluse<\/p>\n<p><strong>La gravure<\/strong> ne peut \u00eatre que noire. Vous pouvez ajouter votre logo lors du paiement<\/p>\n<p><a href=\"https:\/\/desiredleather.com\/fr\/tout-sur-les-sangles-personnalisees-pour-appareil-photo\/\">en savoir plus sur la personnalisation<\/a><\/p>\n<p><strong>Couleur<\/strong> \u2013 au choix<\/p>\n<p>Ces sangles sont r\u00e9glables, et de plus nous avons ajout\u00e9 des tailles pour ceux qui sont plus petits ou plus grands que la normale.<br \/>\n<strong>S &#8211; Il correspond \u00e0 environ 175 cm de taille ou moins, et 70 kg ou moins.<\/strong><br \/>\n<strong>M &#8211; Il correspond \u00e0 175 &#8211; 187 cm de taille, et 70 &#8211; 95 kg.<\/strong><br \/>\n<strong>XL &#8211; Il correspond \u00e0 187 cm de taille et plus, et 95 kg et plus.<\/strong><br \/>\n&#8211; et en tout cas, si quelque chose n&#8217;est pas clair, envoyez-nous un message, et nous vous conseillerons !<\/p>\n<p>Un \u00e9norme avantage du cuir pleine fleur est qu&#8217;avec le temps, le harnais s&#8217;adapte enti\u00e8rement aux courbes de votre corps et ne g\u00eane pas le travail. Les larges sangles r\u00e9partissent le poids uniform\u00e9ment sur les \u00e9paules et ne s&#8217;enfoncent pas dans la peau. Outre le fait que ces sangles constituent un outil de travail pratique, elles sont \u00e9galement un bel accessoire. De plus, nous pouvons y graver votre logo ou vos coordonn\u00e9es, ce qui vous servira de publicit\u00e9 suppl\u00e9mentaire.<\/p>\n<p>Si vous n&#8217;avez besoin que d&#8217;un seul appareil lors de la s\u00e9ance, \u00e0 la place du second vous pouvez accrocher une pochette pour objectif, ou simplement fixer le mousqueton au pantalon et laisser le harnais faire son travail.<\/p>\n<p>\u2013 Gravure de logo gratuite<\/p>\n<p>\u2013 Largeur des sangles &#8211; 1,5 pouce (3,8 cm)<\/p>\n<p>\u2013 Sangles de s\u00e9curit\u00e9 incluses<\/p>\n<p>\u2013 Cuir pleine fleur de la plus haute qualit\u00e9<\/p>\n<p>\u2013 Mousquetons et vis &#8211; acier inoxydable<\/p>\n<p>\u2013 Compatible avec tous les appareils photo<\/p>\n<p>\u2013 Unisexe<\/p>\n<p>\u2013 Taille ajustable<\/p>\n<p>\u2013 Couleur au choix<\/p>\n<p>\u2013 Votre propre texte ou logo par GRAVURE LASER (Veuillez nous envoyer votre logo pour la gravure en jpg ou tout autre format, cela est inclus dans le prix)<\/p>\n<p>COULEUR &#8211; sur la photo, elle peut \u00eatre l\u00e9g\u00e8rement diff\u00e9rente de l&#8217;article r\u00e9el, car cela d\u00e9pend de la calibration de votre \u00e9cran et aussi du lot de cuir !<\/p>\n<p>Si votre nouveau harnais ne vous convient pas, veuillez nous en informer dans les 7 jours ouvrables \u00e0 compter de la date de r\u00e9ception de votre commande, et nous pourrons organiser un \u00e9change (tous les frais d&#8217;exp\u00e9dition \u00e0 la charge de l&#8217;acheteur).<\/p>\n<p>L&#8217;article doit \u00eatre dans son \u00e9tat inutilis\u00e9.<\/p>\n<p>D\u00e9sol\u00e9, les frais d&#8217;exp\u00e9dition ne seront pas rembours\u00e9s. Veuillez acheter un &#8216;suivi&#8217; aupr\u00e8s de votre bureau de poste avant de retourner l&#8217;article(s) et nous fournir le num\u00e9ro de suivi. Une fois que votre article nous sera revenu, nous vous contacterons pour organiser un article de remplacement qui vous satisfera.<\/p>\n","protected":false},"excerpt":{"rendered":"<p>Contenu de l&#8217;ensemble : SANGLE DOUBLE PERSONNALIS\u00c9E POUR APPAREIL PHOTO AVEC VOTRE LOGO Sangle pectorale Sangles pour troisi\u00e8me appareil photo<\/p>\n","protected":false},"featured_media":23077,"comment_status":"open","ping_status":"closed","template":"","meta":{"content-type":""},"product_brand":[],"product_cat":[515,505],"product_tag":[],"class_list":{"0":"post-23068","1":"product","2":"type-product","3":"status-publish","4":"has-post-thumbnail","6":"product_cat-accessoires-pour-photographe","7":"product_cat-sangles-doubles-en-cuir","8":"product_shipping_class-international","10":"first","11":"instock","12":"shipping-taxable","13":"purchasable","14":"product-type-variable"},"_links":{"self":[{"href":"https:\/\/desiredleather.com\/fr\/wp-json\/wp\/v2\/product\/23068","targetHints":{"allow":["GET"]}}],"collection":[{"href":"https:\/\/desiredleather.com\/fr\/wp-json\/wp\/v2\/product"}],"about":[{"href":"https:\/\/desiredleather.com\/fr\/wp-json\/wp\/v2\/types\/product"}],"replies":[{"embeddable":true,"href":"https:\/\/desiredleather.com\/fr\/wp-json\/wp\/v2\/comments?post=23068"}],"wp:featuredmedia":[{"embeddable":true,"href":"https:\/\/desiredleather.com\/fr\/wp-json\/wp\/v2\/media\/23077"}],"wp:attachment":[{"href":"https:\/\/desiredleather.com\/fr\/wp-json\/wp\/v2\/media?parent=23068"}],"wp:term":[{"taxonomy":"product_brand","embeddable":true,"href":"https:\/\/desiredleather.com\/fr\/wp-json\/wp\/v2\/product_brand?post=23068"},{"taxonomy":"product_cat","embeddable":true,"href":"https:\/\/desiredleather.com\/fr\/wp-json\/wp\/v2\/product_cat?post=23068"},{"taxonomy":"product_tag","embeddable":true,"href":"https:\/\/desiredleather.com\/fr\/wp-json\/wp\/v2\/product_tag?post=23068"}],"curies":[{"name":"wp","href":"https:\/\/api.w.org\/{rel}","templated":true}]}}