{"id":22996,"date":"2023-04-01T14:00:35","date_gmt":"2023-04-01T11:00:35","guid":{"rendered":"https:\/\/desiredleather.com\/shop\/translation-placeholder-for-product-id-12232\/"},"modified":"2025-10-10T15:35:07","modified_gmt":"2025-10-10T12:35:07","slug":"sangle-pour-appareil-photo-a-couleur-degradee","status":"publish","type":"product","link":"https:\/\/desiredleather.com\/fr\/shop\/sangle-pour-appareil-photo-a-couleur-degradee\/","title":{"rendered":"Sangle pour appareil photo \u00e0 couleur d\u00e9grad\u00e9e"},"content":{"rendered":"<p>Largeur de la sangle \u2013 3,8 cm (1,5 inch)<\/p>\n<p>Mati\u00e8re \u2013 cuir pleine fleur<\/p>\n<p>Ferrures \u2013 acier inoxydable<\/p>\n<p>Logo \u2013 non<\/p>\n<p>Couleur &#8211; d\u00e9grad\u00e9 au choix<\/p>\n<p>Dans la bo\u00eete &#8211; sangles et une paire de coulisseaux. Enti\u00e8rement pr\u00eat \u00e0 l&#8217;emploi<\/p>\n<p>Ces sangles sont r\u00e9glables, et en plus nous avons ajout\u00e9 des tailles pour ceux qui sont plus petits ou plus grands que la taille standard.<\/p>\n<p><strong>S &#8211; Il correspond \u00e0 une taille d&#8217;environ 175 cm ou moins, et 70 kg ou moins.<\/strong><br \/>\n<strong>M &#8211; Il correspond \u00e0 une taille de 175 &#8211; 187 cm, et 70 &#8211; 95 kg.<\/strong><br \/>\n<strong>XL &#8211; Il correspond \u00e0 une taille de 187 cm et plus, et 95 kg et plus.<\/strong><\/p>\n<p>Ajoutez une touche unique \u00e0 votre \u00e9quipement photographique avec notre Sangle d&#8217;appareil photo \u00e0 d\u00e9grad\u00e9 de couleur disponible en quatre superbes variations de couleur &#8211; beige-gris, rose-gris, vert-gris et jaune-gris. Notre sangle \u00e0 d\u00e9grad\u00e9 de couleur non seulement est esth\u00e9tique, mais elle garantit \u00e9galement que votre appareil reste en s\u00e9curit\u00e9 et bien maintenu pendant l&#8217;utilisation. Chaque sangle est livr\u00e9e avec des sangles de s\u00e9curit\u00e9 suppl\u00e9mentaires incluses dans le prix.<\/p>\n<p>Fabriqu\u00e9e avec des ferrures m\u00e9talliques durcies et dot\u00e9e de coulisseaux lat\u00e9raux avec une fixation 1\/4&#8243; pour appareil sur un mousqueton pivotant, cette sangle d&#8217;appareil photo convient aux photographes hommes et femmes. Elle est \u00e9galement r\u00e9glable en taille, avec des options disponibles pour ceux qui sont plus petits ou plus grands que la taille standard.<\/p>\n<p>Am\u00e9liorez votre \u00e9quipement photographique avec notre Sangle d&#8217;appareil photo \u00e0 d\u00e9grad\u00e9 de couleur &#8211; un accessoire indispensable pour tout photographe.<\/p>\n<p>COULEUR &#8211; sur la photo elle peut \u00eatre l\u00e9g\u00e8rement diff\u00e9rente de l&#8217;objet r\u00e9el, car cela d\u00e9pend de la calibration de votre \u00e9cran et aussi du lot de cuir !<\/p>\n<p>Si votre nouveau harnais ne convient pas, veuillez nous en informer dans les 7 jours ouvrables suivant la date de r\u00e9ception de votre commande, et nous pourrons organiser un \u00e9change (tous les frais d&#8217;exp\u00e9dition \u00e0 la charge de l&#8217;acheteur).<\/p>\n<p>L&#8217;article doit \u00eatre dans son \u00e9tat inutilis\u00e9.<\/p>\n<p>D\u00e9sol\u00e9, les frais d&#8217;exp\u00e9dition ne seront pas rembours\u00e9s. Veuillez acheter &#8220;tracking&#8221; aupr\u00e8s de votre bureau de poste avant de retourner l'(les) article(s) et nous fournir le num\u00e9ro de suivi. Une fois que votre article nous sera retourn\u00e9, nous vous contacterons pour convenir d&#8217;un article de remplacement qui vous convienne.<\/p>\n","protected":false},"excerpt":{"rendered":"<p>Largeur de la sangle \u2013 3,8 cm (1,5 inch) Mati\u00e8re \u2013 cuir pleine fleur Ferrures \u2013 acier inoxydable Logo \u2013<\/p>\n","protected":false},"featured_media":23015,"comment_status":"open","ping_status":"closed","template":"","meta":{"content-type":""},"product_brand":[],"product_cat":[515,505],"product_tag":[],"class_list":{"0":"post-22996","1":"product","2":"type-product","3":"status-publish","4":"has-post-thumbnail","6":"product_cat-accessoires-pour-photographe","7":"product_cat-sangles-doubles-en-cuir","8":"product_shipping_class-international","10":"first","11":"instock","12":"shipping-taxable","13":"purchasable","14":"product-type-variable"},"_links":{"self":[{"href":"https:\/\/desiredleather.com\/fr\/wp-json\/wp\/v2\/product\/22996","targetHints":{"allow":["GET"]}}],"collection":[{"href":"https:\/\/desiredleather.com\/fr\/wp-json\/wp\/v2\/product"}],"about":[{"href":"https:\/\/desiredleather.com\/fr\/wp-json\/wp\/v2\/types\/product"}],"replies":[{"embeddable":true,"href":"https:\/\/desiredleather.com\/fr\/wp-json\/wp\/v2\/comments?post=22996"}],"wp:featuredmedia":[{"embeddable":true,"href":"https:\/\/desiredleather.com\/fr\/wp-json\/wp\/v2\/media\/23015"}],"wp:attachment":[{"href":"https:\/\/desiredleather.com\/fr\/wp-json\/wp\/v2\/media?parent=22996"}],"wp:term":[{"taxonomy":"product_brand","embeddable":true,"href":"https:\/\/desiredleather.com\/fr\/wp-json\/wp\/v2\/product_brand?post=22996"},{"taxonomy":"product_cat","embeddable":true,"href":"https:\/\/desiredleather.com\/fr\/wp-json\/wp\/v2\/product_cat?post=22996"},{"taxonomy":"product_tag","embeddable":true,"href":"https:\/\/desiredleather.com\/fr\/wp-json\/wp\/v2\/product_tag?post=22996"}],"curies":[{"name":"wp","href":"https:\/\/api.w.org\/{rel}","templated":true}]}}