{"id":22962,"date":"2022-01-14T13:10:05","date_gmt":"2022-01-14T10:10:05","guid":{"rendered":"https:\/\/desiredleather.com\/shop\/translation-placeholder-for-product-id-12687\/"},"modified":"2025-10-13T14:32:17","modified_gmt":"2025-10-13T11:32:17","slug":"sangle-de-camera-en-cuir-pour-le-cou","status":"publish","type":"product","link":"https:\/\/desiredleather.com\/fr\/shop\/sangle-de-camera-en-cuir-pour-le-cou\/","title":{"rendered":"Sangle de cam\u00e9ra en cuir pour le cou"},"content":{"rendered":"<p>Sangle d&#8217;appareil photo en cuir pour le cou<\/p>\n<p>D\u00e9tails du produit:<br \/>\n\u2022 Sangle en cuir pour le cou ou l&#8217;\u00e9paule<br \/>\n\u2022 L\u00e9g\u00e8re et r\u00e9glable<br \/>\n\u2022 Antid\u00e9rapante et aide \u00e0 prot\u00e9ger les appareils photo contre les chutes<br \/>\n\u2022 Facile \u00e0 installer et \u00e0 ajuster<br \/>\n\u2022 Compatible avec la plupart des appareils photo SLR et DSLR<\/p>\n<p>&nbsp;<\/p>\n","protected":false},"excerpt":{"rendered":"<p>Sangle d&#8217;appareil photo en cuir pour le cou D\u00e9tails du produit: \u2022 Sangle en cuir pour le cou ou l&#8217;\u00e9paule<\/p>\n","protected":false},"featured_media":22979,"comment_status":"open","ping_status":"closed","template":"","meta":{"content-type":""},"product_brand":[],"product_cat":[483,515,508],"product_tag":[],"class_list":{"0":"post-22962","1":"product","2":"type-product","3":"status-publish","4":"has-post-thumbnail","6":"product_cat-accessoires-en-cuir-supplementaires","7":"product_cat-accessoires-pour-photographe","8":"product_cat-sangle-simple-en-cuir","10":"first","11":"instock","12":"shipping-taxable","13":"purchasable","14":"product-type-simple"},"_links":{"self":[{"href":"https:\/\/desiredleather.com\/fr\/wp-json\/wp\/v2\/product\/22962","targetHints":{"allow":["GET"]}}],"collection":[{"href":"https:\/\/desiredleather.com\/fr\/wp-json\/wp\/v2\/product"}],"about":[{"href":"https:\/\/desiredleather.com\/fr\/wp-json\/wp\/v2\/types\/product"}],"replies":[{"embeddable":true,"href":"https:\/\/desiredleather.com\/fr\/wp-json\/wp\/v2\/comments?post=22962"}],"wp:featuredmedia":[{"embeddable":true,"href":"https:\/\/desiredleather.com\/fr\/wp-json\/wp\/v2\/media\/22979"}],"wp:attachment":[{"href":"https:\/\/desiredleather.com\/fr\/wp-json\/wp\/v2\/media?parent=22962"}],"wp:term":[{"taxonomy":"product_brand","embeddable":true,"href":"https:\/\/desiredleather.com\/fr\/wp-json\/wp\/v2\/product_brand?post=22962"},{"taxonomy":"product_cat","embeddable":true,"href":"https:\/\/desiredleather.com\/fr\/wp-json\/wp\/v2\/product_cat?post=22962"},{"taxonomy":"product_tag","embeddable":true,"href":"https:\/\/desiredleather.com\/fr\/wp-json\/wp\/v2\/product_tag?post=22962"}],"curies":[{"name":"wp","href":"https:\/\/api.w.org\/{rel}","templated":true}]}}