{"id":22886,"date":"2021-08-13T15:45:08","date_gmt":"2021-08-13T12:45:08","guid":{"rendered":"https:\/\/desiredleather.com\/shop\/translation-placeholder-for-product-id-11343\/"},"modified":"2025-10-15T21:51:51","modified_gmt":"2025-10-15T18:51:51","slug":"harnais-de-camera-a-contraste-eleve","status":"publish","type":"product","link":"https:\/\/desiredleather.com\/fr\/shop\/harnais-de-camera-a-contraste-eleve\/","title":{"rendered":"Harnais de cam\u00e9ra \u00e0 contraste \u00e9lev\u00e9"},"content":{"rendered":"<h3>Vous recherchez une sangle d&#8217;appareil photo en cuir de haute qualit\u00e9, \u00e0 la fois fonctionnelle et \u00e9l\u00e9gante ? Ne cherchez pas plus loin que notre sangle d&#8217;appareil photo en cuir premium ! Fabriqu\u00e9e en cuir pleine fleur de vache, cette sangle est con\u00e7ue pour offrir une r\u00e9sistance et une durabilit\u00e9 exceptionnelles, garantissant que votre appareil reste en s\u00e9curit\u00e9 m\u00eame lors des s\u00e9ances photo les plus exigeantes.<\/h3>\n<p>Largeur de la sangle \u2013 3,8cm (1.5 inch)<\/p>\n<p>Mat\u00e9riau \u2013 cuir pleine fleur<\/p>\n<p>Ferrures \u2013 acier inoxydable<\/p>\n<p>Coutures \u2013 non<\/p>\n<p>Logo \u2013 non<\/p>\n<p>Couleur \u2013 contraste \u00e9lev\u00e9<\/p>\n<p>Dans la bo\u00eete \u2013 sangles et une paire de coulisseaux. Enti\u00e8rement pr\u00eates \u00e0 l&#8217;emploi<\/p>\n<p>Ces sangles sont r\u00e9glables, et de plus nous avons ajout\u00e9 des tailles pour ceux qui sont plus petits ou plus grands que la taille standard.<\/p>\n<p>S &#8211; Convient pour une personne d&#8217;environ 175cm ou moins, et 70kg ou moins.<br \/>\nM &#8211; Convient pour une personne de 175 &#8211; 187cm, et 70 &#8211; 95kg.<br \/>\nXL &#8211; Convient pour une personne de 187cm et plus, et 95kg et plus.<br \/>\n&#8211; et de toute fa\u00e7on, si quelque chose n&#8217;est pas clair, envoyez-nous un message, et nous vous donnerons un conseil !<\/p>\n<p>Notre sangle en cuir est \u00e9quip\u00e9e de fixations s\u00e9curis\u00e9es offrant une tranquillit\u00e9 d&#8217;esprit pendant l&#8217;utilisation, et les coulisseaux lat\u00e9raux comportent une attache pour appareil 1\/4&#8243; sur un mousqueton pivotant, la rendant compatible avec tous les types d&#8217;appareils, y compris les appareils vintage et modernes des marques telles que Fujifilm, Canon, Nikon, Sony, et plus.<\/p>\n<p>Cette sangle en cuir est l&#8217;accessoire parfait tant pour les photographes professionnels que pour les amateurs. Son design simple mais efficace garantit une grande facilit\u00e9 d&#8217;utilisation, et son prix abordable la rend accessible \u00e0 tous les budgets.<\/p>\n<p>Am\u00e9liorez votre \u00e9quipement photo avec notre sangle en cuir premium d\u00e8s aujourd&#8217;hui et d\u00e9couvrez la qualit\u00e9 et le savoir-faire qui distinguent DesiredLeather des autres.<\/p>\n<p>COLOUR &#8211; sur la photo elle peut \u00eatre l\u00e9g\u00e8rement diff\u00e9rente de l&#8217;article r\u00e9el, car cela d\u00e9pend de l&#8217;\u00e9talonnage de votre \u00e9cran et aussi du lot de cuir !<\/p>\n<p>Si votre nouveau harnais ne convient pas, veuillez nous en informer dans les 7 jours ouvrables suivant la date de r\u00e9ception de votre commande, et nous pourrons organiser un \u00e9change (avec tous les frais d&#8217;exp\u00e9dition \u00e0 la charge de l&#8217;acheteur).<\/p>\n<p>L&#8217;article doit \u00eatre dans son \u00e9tat inutilis\u00e9.<\/p>\n<p>D\u00e9sol\u00e9, les frais d&#8217;exp\u00e9dition ne seront pas rembours\u00e9s. Veuillez acheter le suivi aupr\u00e8s de votre bureau de poste avant de retourner l(es) article(s) et fournissez-nous le num\u00e9ro de suivi. Une fois que votre article nous sera revenu, nous vous contacterons pour organiser un article de remplacement qui vous convienne.<\/p>\n","protected":false},"excerpt":{"rendered":"<p>Vous recherchez une sangle d&#8217;appareil photo en cuir de haute qualit\u00e9, \u00e0 la fois fonctionnelle et \u00e9l\u00e9gante ? Ne cherchez<\/p>\n","protected":false},"featured_media":22906,"comment_status":"open","ping_status":"closed","template":"","meta":{"content-type":""},"product_brand":[],"product_cat":[515,505],"product_tag":[],"class_list":{"0":"post-22886","1":"product","2":"type-product","3":"status-publish","4":"has-post-thumbnail","6":"product_cat-accessoires-pour-photographe","7":"product_cat-sangles-doubles-en-cuir","8":"product_shipping_class-international","10":"first","11":"instock","12":"shipping-taxable","13":"purchasable","14":"product-type-variable"},"_links":{"self":[{"href":"https:\/\/desiredleather.com\/fr\/wp-json\/wp\/v2\/product\/22886","targetHints":{"allow":["GET"]}}],"collection":[{"href":"https:\/\/desiredleather.com\/fr\/wp-json\/wp\/v2\/product"}],"about":[{"href":"https:\/\/desiredleather.com\/fr\/wp-json\/wp\/v2\/types\/product"}],"replies":[{"embeddable":true,"href":"https:\/\/desiredleather.com\/fr\/wp-json\/wp\/v2\/comments?post=22886"}],"wp:featuredmedia":[{"embeddable":true,"href":"https:\/\/desiredleather.com\/fr\/wp-json\/wp\/v2\/media\/22906"}],"wp:attachment":[{"href":"https:\/\/desiredleather.com\/fr\/wp-json\/wp\/v2\/media?parent=22886"}],"wp:term":[{"taxonomy":"product_brand","embeddable":true,"href":"https:\/\/desiredleather.com\/fr\/wp-json\/wp\/v2\/product_brand?post=22886"},{"taxonomy":"product_cat","embeddable":true,"href":"https:\/\/desiredleather.com\/fr\/wp-json\/wp\/v2\/product_cat?post=22886"},{"taxonomy":"product_tag","embeddable":true,"href":"https:\/\/desiredleather.com\/fr\/wp-json\/wp\/v2\/product_tag?post=22886"}],"curies":[{"name":"wp","href":"https:\/\/api.w.org\/{rel}","templated":true}]}}