{"id":22824,"date":"2021-02-02T22:04:35","date_gmt":"2021-02-02T19:04:35","guid":{"rendered":"https:\/\/desiredleather.com\/shop\/translation-placeholder-for-product-id-2259\/"},"modified":"2025-10-13T14:46:41","modified_gmt":"2025-10-13T11:46:41","slug":"harnais-de-camera-personnalise-avec-largeur-de-sangle-combinee","status":"publish","type":"product","link":"https:\/\/desiredleather.com\/fr\/shop\/harnais-de-camera-personnalise-avec-largeur-de-sangle-combinee\/","title":{"rendered":"Harnais de cam\u00e9ra personnalis\u00e9 avec largeur de sangle combin\u00e9e"},"content":{"rendered":"<p>Sangle double personnalis\u00e9e pour appareils photo par Desired Leather avec votre logo<\/p>\n<p><strong>Largeur de la ceinture combin\u00e9e<\/strong> &#8211;  sur les \u00e9paules 3,8cm (1.5 inch), la partie principale 2,5cm (1 inch)<\/p>\n<p><strong>Mat\u00e9riau<\/strong> \u2013 cuir pleine fleur<\/p>\n<p><strong>Ferrures<\/strong> \u2013 acier inoxydable<\/p>\n<p><strong>Coutures<\/strong> \u2013 non<\/p>\n<p><strong>Logo<\/strong> \u2013 gravure gratuite incluse.<\/p>\n<p><strong>La gravure<\/strong> ne peut \u00eatre que noire. Vous pouvez ajouter votre logo lors du passage de la commande<\/p>\n<p><a href=\"https:\/\/desiredleather.com\/fr\/tout-sur-les-sangles-personnalisees-pour-appareil-photo\/\">en savoir plus sur la personnalisation<\/a><\/p>\n<p><strong>Couleur<\/strong> &#8211; de votre choix<\/p>\n<p><strong>Dans la bo\u00eete<\/strong> &#8211; sangles et une paire de boucles coulissantes. Pr\u00eate \u00e0 l&#8217;emploi<\/p>\n<p>Ces sangles sont r\u00e9glables, et de plus nous avons ajout\u00e9 des tailles pour les personnes plus petites ou plus grandes que la normale.<br \/>\nS &#8211; Environ 175cm de taille ou moins, et 70kg ou moins.<br \/>\nM &#8211; 175 &#8211; 187cm de taille, et 70 &#8211; 95kg.<br \/>\nXL &#8211; 187cm de taille et plus, et 95kg et plus.<br \/>\n&#8211; et de toute fa\u00e7on, si quelque chose n&#8217;est pas clair, envoyez-nous simplement un message, et nous vous donnerons un conseil !<\/p>\n<p>Sangle double personnalis\u00e9e pour appareils photo par Desired Leather avec votre logo. Il s&#8217;agit d&#8217;un harnais multi-appareils unique en son genre, enti\u00e8rement fait main et adapt\u00e9 \u00e0 toutes les occasions, y compris les mariages, les s\u00e9ances en studio, la photographie de voyage et animali\u00e8re, et les \u00e9v\u00e9nements sportifs.<\/p>\n<p>Fabriqu\u00e9e en cuir pleine fleur tann\u00e9 v\u00e9g\u00e9tal de 4mm et \u00e9quip\u00e9e de ferrures m\u00e9talliques durcies, cette sangle est con\u00e7ue pour durer. Elle pr\u00e9sente une taille r\u00e9glable pour convenir aux hommes et aux femmes, avec des options pour des tailles plus petites ou plus grandes, et une largeur de sangle de 1 inch.<\/p>\n<p>Pour rendre cet article vraiment unique, nous proposons la gravure laser de votre texte ou logo. Envoyez-nous simplement votre logo en jpg ou tout autre format, et nous le graverons sur la sangle pour vous &#8211; inclus dans le prix.<\/p>\n<p>Nous comprenons qu&#8217;il peut \u00eatre difficile de trouver la coupe parfaite, c&#8217;est pourquoi nous proposons trois tailles diff\u00e9rentes &#8211; S, M et XL. Si vous recevez votre commande et qu&#8217;elle ne convient pas, informez-nous dans les 7 jours ouvrables et nous pourrons organiser un \u00e9change. Veuillez noter que tous les frais d&#8217;exp\u00e9dition seront \u00e0 la charge de l&#8217;acheteur, et l&#8217;article doit \u00eatre dans un \u00e9tat inutilis\u00e9.<\/p>\n<p>Veuillez noter que la couleur de l&#8217;article peut appara\u00eetre l\u00e9g\u00e8rement diff\u00e9rente sur les photos en raison de l&#8217;\u00e9talonnage des \u00e9crans et des variations entre les lots de cuir.<\/p>\n<p>Apportez une touche personnalis\u00e9e \u00e0 votre \u00e9quipement photo avec cette sangle double \u00e9l\u00e9gante et durable. Commandez maintenant et affirmez votre style lors de votre prochaine s\u00e9ance photo !<\/p>\n","protected":false},"excerpt":{"rendered":"<p>Sangle double personnalis\u00e9e pour appareils photo par Desired Leather avec votre logo Largeur de la ceinture combin\u00e9e &#8211; sur les<\/p>\n","protected":false},"featured_media":22825,"comment_status":"open","ping_status":"closed","template":"","meta":{"content-type":""},"product_brand":[],"product_cat":[515,505],"product_tag":[],"class_list":{"0":"post-22824","1":"product","2":"type-product","3":"status-publish","4":"has-post-thumbnail","6":"product_cat-accessoires-pour-photographe","7":"product_cat-sangles-doubles-en-cuir","8":"product_shipping_class-international","10":"first","11":"instock","12":"shipping-taxable","13":"purchasable","14":"product-type-variable"},"_links":{"self":[{"href":"https:\/\/desiredleather.com\/fr\/wp-json\/wp\/v2\/product\/22824","targetHints":{"allow":["GET"]}}],"collection":[{"href":"https:\/\/desiredleather.com\/fr\/wp-json\/wp\/v2\/product"}],"about":[{"href":"https:\/\/desiredleather.com\/fr\/wp-json\/wp\/v2\/types\/product"}],"replies":[{"embeddable":true,"href":"https:\/\/desiredleather.com\/fr\/wp-json\/wp\/v2\/comments?post=22824"}],"wp:featuredmedia":[{"embeddable":true,"href":"https:\/\/desiredleather.com\/fr\/wp-json\/wp\/v2\/media\/22825"}],"wp:attachment":[{"href":"https:\/\/desiredleather.com\/fr\/wp-json\/wp\/v2\/media?parent=22824"}],"wp:term":[{"taxonomy":"product_brand","embeddable":true,"href":"https:\/\/desiredleather.com\/fr\/wp-json\/wp\/v2\/product_brand?post=22824"},{"taxonomy":"product_cat","embeddable":true,"href":"https:\/\/desiredleather.com\/fr\/wp-json\/wp\/v2\/product_cat?post=22824"},{"taxonomy":"product_tag","embeddable":true,"href":"https:\/\/desiredleather.com\/fr\/wp-json\/wp\/v2\/product_tag?post=22824"}],"curies":[{"name":"wp","href":"https:\/\/api.w.org\/{rel}","templated":true}]}}