{"id":22747,"date":"2020-10-27T21:43:41","date_gmt":"2020-10-27T18:43:41","guid":{"rendered":"https:\/\/desiredleather.com\/shop\/translation-placeholder-for-product-id-1987\/"},"modified":"2025-10-15T22:31:28","modified_gmt":"2025-10-15T19:31:28","slug":"sangles-de-camera-personnalisees-et-etroites-avec-surpiqures","status":"publish","type":"product","link":"https:\/\/desiredleather.com\/fr\/shop\/sangles-de-camera-personnalisees-et-etroites-avec-surpiqures\/","title":{"rendered":"Sangles de cam\u00e9ra personnalis\u00e9es et \u00e9troites avec surpiq\u00fbres"},"content":{"rendered":"<h1>Vous recherchez une sangle pour deux appareils photo qui soit \u00e0 la fois pratique et personnalisable avec votre propre logo ? Ne cherchez pas plus loin que notre harnais pour photographe en cuir pleine fleur de haute qualit\u00e9 !<\/h1>\n<p><strong>Largeur de la sangle<\/strong> \u2013 2.5 cm (1 inch)<\/p>\n<p><strong>Mat\u00e9riau<\/strong> \u2013 cuir pleine fleur<\/p>\n<p><strong>Quincaillerie<\/strong> \u2013 acier inoxydable<\/p>\n<p><strong>Coutures<\/strong> \u2013 oui<\/p>\n<p><strong>Logo<\/strong> \u2013 gravure incluse gratuitement<\/p>\n<p><strong>Gravure<\/strong> \u2013 ne peut \u00eatre que noire. Vous pouvez ajouter votre logo lors de la validation de la commande<\/p>\n<p><a href=\"https:\/\/desiredleather.com\/fr\/tout-sur-les-sangles-personnalisees-pour-appareil-photo\/\">en savoir plus sur la personnalisation<\/a><\/p>\n<p><strong>Couleur<\/strong> &#8211; au choix<\/p>\n<p><strong>Dans la bo\u00eete<\/strong> &#8211; sangles et une paire de boucles coulissantes. Sont enti\u00e8rement pr\u00eats \u00e0 l&#8217;emploi<\/p>\n<p>Con\u00e7u pour les hommes et les femmes de corpulence fragile \u00e0 moyenne, ce harnais \u00e9l\u00e9gant et pratique affiche votre logo de mani\u00e8re bien visible \u00e0 l&#8217;arri\u00e8re. Et avec une largeur de 2.5 cm, il offre un maintien confortable pour une utilisation toute la journ\u00e9e.<\/p>\n<p>Fabriqu\u00e9 \u00e0 partir du meilleur cuir pleine fleur, ce harnais est \u00e0 la fois durable et \u00e9l\u00e9gant. Il est fourni avec des sangles de s\u00e9curit\u00e9 incluses pour garantir que vos appareils restent en s\u00e9curit\u00e9, et peut \u00eatre utilis\u00e9 avec tous les types d&#8217;appareils photo. De plus, avec l&#8217;option de choisir votre propre couleur, vous pouvez personnaliser la sangle selon votre style.<\/p>\n<p>Et bien s\u00fbr, nous proposons la gravure du logo gratuitement afin que vous puissiez ajouter votre touche personnelle \u00e0 cette pi\u00e8ce d\u00e9j\u00e0 remarquable. Il vous suffit de joindre votre logo lors de la validation de la commande (jpg ou tout autre type), et nous nous occupons du reste.<\/p>\n<p>Donc si vous recherchez une sangle double de haute qualit\u00e9 qui allie forme et fonction, commandez la v\u00f4tre d\u00e8s aujourd&#8217;hui !<\/p>\n<p><strong>Ces sangles sont r\u00e9glables, et de plus nous avons ajout\u00e9 des tailles pour ceux qui sont plus petits ou plus grands que la normale.<\/strong><br \/>\nS &#8211; Il s&#8217;agit d&#8217;environ 175cm de taille ou moins, et 70kg ou moins.<br \/>\nM &#8211; Il s&#8217;agit de 175 &#8211; 187cm de taille, et 70 &#8211; 95kg.<br \/>\nXL &#8211; Il s&#8217;agit de 187cm de taille et plus, et 95kg et plus.<br \/>\n&#8211; et de toute fa\u00e7on, si quelque chose n&#8217;est pas clair, envoyez-nous simplement un message, et nous vous donnerons un conseil !<\/p>\n<p>COULEUR &#8211; sur la photo elle peut \u00eatre l\u00e9g\u00e8rement diff\u00e9rente de l&#8217;article r\u00e9el, car cela d\u00e9pend de la calibration de votre \u00e9cran et aussi du lot de cuir !<\/p>\n<p>Si votre nouveau harnais ne convient pas, veuillez nous en informer dans les 7 jours ouvrables \u00e0 compter de la date \u00e0 laquelle vous avez re\u00e7u votre commande, et nous pourrons organiser un \u00e9change (avec tous les frais d&#8217;exp\u00e9dition \u00e0 la charge de l&#8217;acheteur).<\/p>\n<p>L&#8217;article doit \u00eatre dans son \u00e9tat inutilis\u00e9.<\/p>\n<p>D\u00e9sol\u00e9, les frais d&#8217;exp\u00e9dition ne seront pas rembours\u00e9s. Veuillez acheter un suivi aupr\u00e8s de votre bureau de poste avant de retourner l&#8217;article(s) et nous fournir le num\u00e9ro de suivi. Une fois que votre article sera revenu chez nous, nous vous contacterons pour organiser l&#8217;envoi d&#8217;un article de remplacement qui vous convienne.<\/p>\n","protected":false},"excerpt":{"rendered":"<p>Vous recherchez une sangle pour deux appareils photo qui soit \u00e0 la fois pratique et personnalisable avec votre propre logo<\/p>\n","protected":false},"featured_media":22748,"comment_status":"open","ping_status":"closed","template":"","meta":{"content-type":""},"product_brand":[],"product_cat":[515,505],"product_tag":[],"class_list":{"0":"post-22747","1":"product","2":"type-product","3":"status-publish","4":"has-post-thumbnail","6":"product_cat-accessoires-pour-photographe","7":"product_cat-sangles-doubles-en-cuir","8":"product_shipping_class-international","10":"first","11":"instock","12":"shipping-taxable","13":"purchasable","14":"product-type-variable"},"_links":{"self":[{"href":"https:\/\/desiredleather.com\/fr\/wp-json\/wp\/v2\/product\/22747","targetHints":{"allow":["GET"]}}],"collection":[{"href":"https:\/\/desiredleather.com\/fr\/wp-json\/wp\/v2\/product"}],"about":[{"href":"https:\/\/desiredleather.com\/fr\/wp-json\/wp\/v2\/types\/product"}],"replies":[{"embeddable":true,"href":"https:\/\/desiredleather.com\/fr\/wp-json\/wp\/v2\/comments?post=22747"}],"wp:featuredmedia":[{"embeddable":true,"href":"https:\/\/desiredleather.com\/fr\/wp-json\/wp\/v2\/media\/22748"}],"wp:attachment":[{"href":"https:\/\/desiredleather.com\/fr\/wp-json\/wp\/v2\/media?parent=22747"}],"wp:term":[{"taxonomy":"product_brand","embeddable":true,"href":"https:\/\/desiredleather.com\/fr\/wp-json\/wp\/v2\/product_brand?post=22747"},{"taxonomy":"product_cat","embeddable":true,"href":"https:\/\/desiredleather.com\/fr\/wp-json\/wp\/v2\/product_cat?post=22747"},{"taxonomy":"product_tag","embeddable":true,"href":"https:\/\/desiredleather.com\/fr\/wp-json\/wp\/v2\/product_tag?post=22747"}],"curies":[{"name":"wp","href":"https:\/\/api.w.org\/{rel}","templated":true}]}}