{"id":22539,"date":"2020-09-01T16:41:37","date_gmt":"2020-09-01T13:41:37","guid":{"rendered":"https:\/\/desiredleather.com\/shop\/translation-placeholder-for-product-id-7908\/"},"modified":"2025-10-13T15:11:32","modified_gmt":"2025-10-13T12:11:32","slug":"etui-pour-batterie-carte-memoire-et-accumulateur","status":"publish","type":"product","link":"https:\/\/desiredleather.com\/fr\/shop\/etui-pour-batterie-carte-memoire-et-accumulateur\/","title":{"rendered":"\u00c9tui pour batterie, carte m\u00e9moire et accumulateur"},"content":{"rendered":"<p>\u00c9tui en cuir pour une batterie suppl\u00e9mentaire, ainsi que pour 4 piles AA, cartes m\u00e9moire<br \/>\nFixez au harnais pour appareil photo ou au pantalon avec un mousqueton fiable<\/p>\n<p>Dimensions:<br \/>\nLargeur: 70 mm\/ 7 cm\/ 2,75\u2033<br \/>\nLongueur: 55 mm\/ 55 cm\/ 1,96\u2033<br \/>\n\u00c9paisseur: 30 mm\/ 3 cm\/ 1,18\u2033<\/p>\n<ul>\n<li>Cuir pleine fleur<\/li>\n<li>Acier<\/li>\n<\/ul>\n","protected":false},"excerpt":{"rendered":"<p>\u00c9tui en cuir pour une batterie suppl\u00e9mentaire, ainsi que pour 4 piles AA, cartes m\u00e9moire Fixez au harnais pour appareil<\/p>\n","protected":false},"featured_media":22556,"comment_status":"open","ping_status":"closed","template":"","meta":{"content-type":""},"product_brand":[],"product_cat":[483,515],"product_tag":[],"class_list":{"0":"post-22539","1":"product","2":"type-product","3":"status-publish","4":"has-post-thumbnail","6":"product_cat-accessoires-en-cuir-supplementaires","7":"product_cat-accessoires-pour-photographe","8":"product_shipping_class-international","10":"first","11":"instock","12":"shipping-taxable","13":"purchasable","14":"product-type-variable"},"_links":{"self":[{"href":"https:\/\/desiredleather.com\/fr\/wp-json\/wp\/v2\/product\/22539","targetHints":{"allow":["GET"]}}],"collection":[{"href":"https:\/\/desiredleather.com\/fr\/wp-json\/wp\/v2\/product"}],"about":[{"href":"https:\/\/desiredleather.com\/fr\/wp-json\/wp\/v2\/types\/product"}],"replies":[{"embeddable":true,"href":"https:\/\/desiredleather.com\/fr\/wp-json\/wp\/v2\/comments?post=22539"}],"wp:featuredmedia":[{"embeddable":true,"href":"https:\/\/desiredleather.com\/fr\/wp-json\/wp\/v2\/media\/22556"}],"wp:attachment":[{"href":"https:\/\/desiredleather.com\/fr\/wp-json\/wp\/v2\/media?parent=22539"}],"wp:term":[{"taxonomy":"product_brand","embeddable":true,"href":"https:\/\/desiredleather.com\/fr\/wp-json\/wp\/v2\/product_brand?post=22539"},{"taxonomy":"product_cat","embeddable":true,"href":"https:\/\/desiredleather.com\/fr\/wp-json\/wp\/v2\/product_cat?post=22539"},{"taxonomy":"product_tag","embeddable":true,"href":"https:\/\/desiredleather.com\/fr\/wp-json\/wp\/v2\/product_tag?post=22539"}],"curies":[{"name":"wp","href":"https:\/\/api.w.org\/{rel}","templated":true}]}}