{"id":22501,"date":"2020-08-18T11:03:44","date_gmt":"2020-08-18T08:03:44","guid":{"rendered":"https:\/\/desiredleather.com\/shop\/translation-placeholder-for-product-id-7675\/"},"modified":"2025-10-13T15:15:21","modified_gmt":"2025-10-13T12:15:21","slug":"bretelles-en-cuir-pour-homme","status":"publish","type":"product","link":"https:\/\/desiredleather.com\/fr\/shop\/bretelles-en-cuir-pour-homme\/","title":{"rendered":"Bretelles en cuir pour homme"},"content":{"rendered":"<p>Bretelles en cuir pour hommes.<br \/>\nAccessoire \u00e9l\u00e9gant et cadeau pour hommes.<br \/>\nNous n&#8217;utilisons que du cuir de qualit\u00e9 sup\u00e9rieure et des ferrures en acier inoxydable.<\/p>\n<p>TAILLE:<\/p>\n<p>Les tailles sont r\u00e9gl\u00e9es par curseur et varient de :<\/p>\n<p>Petit \u2013 de XS \u00e0 S<br \/>\nMoyen \u2013 de M \u00e0 L<br \/>\nGrand \u2013 de XL \u00e0 XXL<\/p>\n<p>Si vous n&#8217;\u00eates pas s\u00fbr de la taille, \u00e9crivez votre taille (hauteur) et votre taille de v\u00eatement dans les notes de commande.<\/p>\n<p>TEMPS DE FABRICATION:<\/p>\n<p>2-5 jours ouvrables.<\/p>\n<p>TAXES:<\/p>\n<p>Si vous \u00eates situ\u00e9 en Europe, des taxes douani\u00e8res peuvent vous \u00eatre factur\u00e9es.<br \/>\nNous ne sommes pas responsables des taxes du pays dans lequel vous vivez.<\/p>\n","protected":false},"excerpt":{"rendered":"<p>Bretelles en cuir pour hommes. Accessoire \u00e9l\u00e9gant et cadeau pour hommes. Nous n&#8217;utilisons que du cuir de qualit\u00e9 sup\u00e9rieure et<\/p>\n","protected":false},"featured_media":22513,"comment_status":"open","ping_status":"closed","template":"","meta":{"content-type":""},"product_brand":[],"product_cat":[473],"product_tag":[],"class_list":{"0":"post-22501","1":"product","2":"type-product","3":"status-publish","4":"has-post-thumbnail","6":"product_cat-accessoires-en-cuir-lifestyle","7":"product_shipping_class-international","9":"first","10":"instock","11":"shipping-taxable","12":"purchasable","13":"product-type-variable"},"_links":{"self":[{"href":"https:\/\/desiredleather.com\/fr\/wp-json\/wp\/v2\/product\/22501","targetHints":{"allow":["GET"]}}],"collection":[{"href":"https:\/\/desiredleather.com\/fr\/wp-json\/wp\/v2\/product"}],"about":[{"href":"https:\/\/desiredleather.com\/fr\/wp-json\/wp\/v2\/types\/product"}],"replies":[{"embeddable":true,"href":"https:\/\/desiredleather.com\/fr\/wp-json\/wp\/v2\/comments?post=22501"}],"wp:featuredmedia":[{"embeddable":true,"href":"https:\/\/desiredleather.com\/fr\/wp-json\/wp\/v2\/media\/22513"}],"wp:attachment":[{"href":"https:\/\/desiredleather.com\/fr\/wp-json\/wp\/v2\/media?parent=22501"}],"wp:term":[{"taxonomy":"product_brand","embeddable":true,"href":"https:\/\/desiredleather.com\/fr\/wp-json\/wp\/v2\/product_brand?post=22501"},{"taxonomy":"product_cat","embeddable":true,"href":"https:\/\/desiredleather.com\/fr\/wp-json\/wp\/v2\/product_cat?post=22501"},{"taxonomy":"product_tag","embeddable":true,"href":"https:\/\/desiredleather.com\/fr\/wp-json\/wp\/v2\/product_tag?post=22501"}],"curies":[{"name":"wp","href":"https:\/\/api.w.org\/{rel}","templated":true}]}}