{"id":22493,"date":"2020-07-21T17:10:08","date_gmt":"2020-07-21T14:10:08","guid":{"rendered":"https:\/\/desiredleather.com\/shop\/translation-placeholder-for-product-id-7442\/"},"modified":"2025-10-13T15:17:27","modified_gmt":"2025-10-13T12:17:27","slug":"ceinture-en-cuir-vintage-moderne","status":"publish","type":"product","link":"https:\/\/desiredleather.com\/fr\/shop\/ceinture-en-cuir-vintage-moderne\/","title":{"rendered":"Ceinture en cuir vintage moderne"},"content":{"rendered":"<p>Ceinture en cuir pleine fleur effet vintage:<\/p>\n<p>\u2705 Accessoire classique dans une nouvelle couleur \ud83d\ude09<\/p>\n<p>\u2705 Largeur de la ceinture &#8211; 3.8cm (1.5 inch)<\/p>\n<p>Parfaite pour une utilisation quotidienne comme ceinture de travail, ou comme ceinture d\u00e9contract\u00e9e.<\/p>\n<p>COULEUR &#8211; sur la photo, elle peut \u00eatre l\u00e9g\u00e8rement diff\u00e9rente de l&#8217;article r\u00e9el, car cela d\u00e9pend de l&#8217;\u00e9talonnage de votre \u00e9cran et \u00e9galement du lot de cuir !<\/p>\n","protected":false},"excerpt":{"rendered":"<p>Ceinture en cuir pleine fleur effet vintage: \u2705 Accessoire classique dans une nouvelle couleur \ud83d\ude09 \u2705 Largeur de la ceinture<\/p>\n","protected":false},"featured_media":22500,"comment_status":"open","ping_status":"closed","template":"","meta":{"content-type":""},"product_brand":[],"product_cat":[473,483,515],"product_tag":[],"class_list":{"0":"post-22493","1":"product","2":"type-product","3":"status-publish","4":"has-post-thumbnail","6":"product_cat-accessoires-en-cuir-lifestyle","7":"product_cat-accessoires-en-cuir-supplementaires","8":"product_cat-accessoires-pour-photographe","9":"product_shipping_class-international","11":"first","12":"instock","13":"shipping-taxable","14":"purchasable","15":"product-type-variable"},"_links":{"self":[{"href":"https:\/\/desiredleather.com\/fr\/wp-json\/wp\/v2\/product\/22493","targetHints":{"allow":["GET"]}}],"collection":[{"href":"https:\/\/desiredleather.com\/fr\/wp-json\/wp\/v2\/product"}],"about":[{"href":"https:\/\/desiredleather.com\/fr\/wp-json\/wp\/v2\/types\/product"}],"replies":[{"embeddable":true,"href":"https:\/\/desiredleather.com\/fr\/wp-json\/wp\/v2\/comments?post=22493"}],"wp:featuredmedia":[{"embeddable":true,"href":"https:\/\/desiredleather.com\/fr\/wp-json\/wp\/v2\/media\/22500"}],"wp:attachment":[{"href":"https:\/\/desiredleather.com\/fr\/wp-json\/wp\/v2\/media?parent=22493"}],"wp:term":[{"taxonomy":"product_brand","embeddable":true,"href":"https:\/\/desiredleather.com\/fr\/wp-json\/wp\/v2\/product_brand?post=22493"},{"taxonomy":"product_cat","embeddable":true,"href":"https:\/\/desiredleather.com\/fr\/wp-json\/wp\/v2\/product_cat?post=22493"},{"taxonomy":"product_tag","embeddable":true,"href":"https:\/\/desiredleather.com\/fr\/wp-json\/wp\/v2\/product_tag?post=22493"}],"curies":[{"name":"wp","href":"https:\/\/api.w.org\/{rel}","templated":true}]}}