{"id":22486,"date":"2020-05-12T15:22:47","date_gmt":"2020-05-12T12:22:47","guid":{"rendered":"https:\/\/desiredleather.com\/shop\/translation-placeholder-for-product-id-7016\/"},"modified":"2025-10-13T15:19:20","modified_gmt":"2025-10-13T12:19:20","slug":"paire-de-glissieres-en-cuir","status":"publish","type":"product","link":"https:\/\/desiredleather.com\/fr\/shop\/paire-de-glissieres-en-cuir\/","title":{"rendered":"Paire de glissi\u00e8res en cuir"},"content":{"rendered":"<p>Boucles coulissantes suppl\u00e9mentaires<\/p>\n<ul>\n<li>Cuir pleine fleur<\/li>\n<li>Acier inoxydable<\/li>\n<li>2 boucles coulissantes par lot<\/li>\n<\/ul>\n<p>Chaque sangle d&#8217;appareil photo est fournie compl\u00e8te et vous n&#8217;avez pas besoin d&#8217;acheter des boucles coulissantes suppl\u00e9mentaires. Ces boucles coulissantes sont destin\u00e9es \u00e0 ceux qui souhaitent remplacer leurs anciennes, ou qui souhaitent, par exemple, accrocher un sac sur les boucles coulissantes.<\/p>\n","protected":false},"excerpt":{"rendered":"<p>Boucles coulissantes suppl\u00e9mentaires Cuir pleine fleur Acier inoxydable 2 boucles coulissantes par lot Chaque sangle d&#8217;appareil photo est fournie compl\u00e8te<\/p>\n","protected":false},"featured_media":22492,"comment_status":"open","ping_status":"closed","template":"","meta":{"content-type":""},"product_brand":[],"product_cat":[483,515],"product_tag":[],"class_list":{"0":"post-22486","1":"product","2":"type-product","3":"status-publish","4":"has-post-thumbnail","6":"product_cat-accessoires-en-cuir-supplementaires","7":"product_cat-accessoires-pour-photographe","8":"product_shipping_class-international","10":"first","11":"instock","12":"shipping-taxable","13":"purchasable","14":"product-type-variable"},"_links":{"self":[{"href":"https:\/\/desiredleather.com\/fr\/wp-json\/wp\/v2\/product\/22486","targetHints":{"allow":["GET"]}}],"collection":[{"href":"https:\/\/desiredleather.com\/fr\/wp-json\/wp\/v2\/product"}],"about":[{"href":"https:\/\/desiredleather.com\/fr\/wp-json\/wp\/v2\/types\/product"}],"replies":[{"embeddable":true,"href":"https:\/\/desiredleather.com\/fr\/wp-json\/wp\/v2\/comments?post=22486"}],"wp:featuredmedia":[{"embeddable":true,"href":"https:\/\/desiredleather.com\/fr\/wp-json\/wp\/v2\/media\/22492"}],"wp:attachment":[{"href":"https:\/\/desiredleather.com\/fr\/wp-json\/wp\/v2\/media?parent=22486"}],"wp:term":[{"taxonomy":"product_brand","embeddable":true,"href":"https:\/\/desiredleather.com\/fr\/wp-json\/wp\/v2\/product_brand?post=22486"},{"taxonomy":"product_cat","embeddable":true,"href":"https:\/\/desiredleather.com\/fr\/wp-json\/wp\/v2\/product_cat?post=22486"},{"taxonomy":"product_tag","embeddable":true,"href":"https:\/\/desiredleather.com\/fr\/wp-json\/wp\/v2\/product_tag?post=22486"}],"curies":[{"name":"wp","href":"https:\/\/api.w.org\/{rel}","templated":true}]}}