{"id":22442,"date":"2020-04-15T12:23:50","date_gmt":"2020-04-15T09:23:50","guid":{"rendered":"https:\/\/desiredleather.com\/shop\/translation-placeholder-for-product-id-6834\/"},"modified":"2025-10-13T15:22:38","modified_gmt":"2025-10-13T12:22:38","slug":"masque-de-medecin-de-la-peste","status":"publish","type":"product","link":"https:\/\/desiredleather.com\/fr\/shop\/masque-de-medecin-de-la-peste\/","title":{"rendered":"Masque de m\u00e9decin de la peste"},"content":{"rendered":"<h3>Masque de m\u00e9decin de la peste<\/h3>\n<p>Vous cherchez un accessoire qui ajoutera une touche d&#8217;audace \u00e0 votre garde-robe ? Ne cherchez pas plus loin que notre masque de m\u00e9decin de la peste fait \u00e0 la main !<\/p>\n<p>Confectionn\u00e9 en cuir v\u00e9ritable et fabriqu\u00e9 sur commande en seulement 1-2 jours, ce masque offre une protection contre les \u00e9l\u00e9ments ainsi que contre les ondes n\u00e9gatives qui pourraient croiser votre chemin. De plus, gr\u00e2ce \u00e0 des attaches robustes, vous pouvez \u00eatre s\u00fbr qu&#8217;il ne tombera pas lorsque vous le portez.<\/p>\n<p>Et en bonus, ce masque est enti\u00e8rement r\u00e9glable afin d&#8217;assurer un maintien confortable quelle que soit la taille de la t\u00eate. Donc, que vous cherchiez \u00e0 compl\u00e9ter un costume ou simplement \u00e0 faire une d\u00e9claration, notre masque de m\u00e9decin de la peste est l&#8217;accessoire parfait pour vous.<\/p>\n","protected":false},"excerpt":{"rendered":"<p>Masque de m\u00e9decin de la peste Vous cherchez un accessoire qui ajoutera une touche d&#8217;audace \u00e0 votre garde-robe ? Ne<\/p>\n","protected":false},"featured_media":22451,"comment_status":"open","ping_status":"closed","template":"","meta":{"content-type":""},"product_brand":[],"product_cat":[473],"product_tag":[],"class_list":{"0":"post-22442","1":"product","2":"type-product","3":"status-publish","4":"has-post-thumbnail","6":"product_cat-accessoires-en-cuir-lifestyle","8":"first","9":"instock","10":"shipping-taxable","11":"purchasable","12":"product-type-variable"},"_links":{"self":[{"href":"https:\/\/desiredleather.com\/fr\/wp-json\/wp\/v2\/product\/22442","targetHints":{"allow":["GET"]}}],"collection":[{"href":"https:\/\/desiredleather.com\/fr\/wp-json\/wp\/v2\/product"}],"about":[{"href":"https:\/\/desiredleather.com\/fr\/wp-json\/wp\/v2\/types\/product"}],"replies":[{"embeddable":true,"href":"https:\/\/desiredleather.com\/fr\/wp-json\/wp\/v2\/comments?post=22442"}],"wp:featuredmedia":[{"embeddable":true,"href":"https:\/\/desiredleather.com\/fr\/wp-json\/wp\/v2\/media\/22451"}],"wp:attachment":[{"href":"https:\/\/desiredleather.com\/fr\/wp-json\/wp\/v2\/media?parent=22442"}],"wp:term":[{"taxonomy":"product_brand","embeddable":true,"href":"https:\/\/desiredleather.com\/fr\/wp-json\/wp\/v2\/product_brand?post=22442"},{"taxonomy":"product_cat","embeddable":true,"href":"https:\/\/desiredleather.com\/fr\/wp-json\/wp\/v2\/product_cat?post=22442"},{"taxonomy":"product_tag","embeddable":true,"href":"https:\/\/desiredleather.com\/fr\/wp-json\/wp\/v2\/product_tag?post=22442"}],"curies":[{"name":"wp","href":"https:\/\/api.w.org\/{rel}","templated":true}]}}