{"id":22357,"date":"2020-01-30T22:54:54","date_gmt":"2020-01-30T19:54:54","guid":{"rendered":"https:\/\/desiredleather.com\/shop\/translation-placeholder-for-product-id-15570\/"},"modified":"2025-10-13T15:33:25","modified_gmt":"2025-10-13T12:33:25","slug":"sangles-pour-photographe-professionnel","status":"publish","type":"product","link":"https:\/\/desiredleather.com\/fr\/shop\/sangles-pour-photographe-professionnel\/","title":{"rendered":"Sangles pour photographe professionnel"},"content":{"rendered":"<h3>Bandouli\u00e8res professionnelles pour photographes en cuir pleine fleur de la plus haute qualit\u00e9.<\/h3>\n<p>Le tressage d\u00e9coratif \u00e0 l&#8217;arri\u00e8re n&#8217;est pas seulement esth\u00e9tique, c&#8217;est aussi une pi\u00e8ce mobile du harnais, gr\u00e2ce \u00e0 laquelle il s&#8217;adapte facilement \u00e0 la forme de votre corps.<br \/>\nLes photographes professionnels l&#8217;appr\u00e9cieront certainement pour sa praticit\u00e9, son confort et sa beaut\u00e9.<\/p>\n<p>Main characteristics:<\/p>\n<p>&#8211; Largeur des sangles \u2013 3,8 cm<br \/>\n&#8211; Sangles de s\u00e9curit\u00e9 incluses<br \/>\n&#8211; Cuir pleine fleur de la plus haute qualit\u00e9<br \/>\n&#8211; Mousquetons et vis &#8211; acier inoxydable<br \/>\n&#8211; Compatible avec tous les appareils photo<br \/>\n&#8211; Unisexe<br \/>\n&#8211; Couleur de votre choix<br \/>\n\u2013 Taille r\u00e9glable<\/p>\n<p>Those straps are adjustable, and in addition we&#8217;ve added sizes for those, who are smaller or bigger than regular:<\/p>\n<p><strong>S &#8211; Cela correspond \u00e0 une taille d&#8217;environ 175 cm ou moins, et 70 kg ou moins.<\/strong><br \/>\n<strong>M &#8211; Cela correspond \u00e0 une taille de 175 &#8211; 187 cm, et 70 &#8211; 95 kg.<\/strong><br \/>\n<strong>XL &#8211; Cela correspond \u00e0 une taille de 187 cm et plus, et 95 kg et plus.<\/strong><\/p>\n<p>&#8211; et de toute fa\u00e7on ces mesures sont approximatives, et si quelque chose est mal compris, envoyez-nous simplement un message, et nous vous donnerons un conseil !<\/p>\n<p>COLOUR &#8211; sur la photo elle peut \u00eatre un peu diff\u00e9rente de l&#8217;article r\u00e9el, car cela d\u00e9pend du calibrage de votre \u00e9cran et aussi du lot de cuir !<\/p>\n<p>If your new harness doesn&#8217;t fit, please let us know within 7 business days of date you received your order, and we can work out an exchange (with all shipping costs at the buyer&#8217;s expense).<\/p>\n<p>L&#8217;article doit \u00eatre dans son \u00e9tat inutilis\u00e9.<\/p>\n<p>D\u00e9sol\u00e9, les frais d&#8217;exp\u00e9dition ne seront pas rembours\u00e9s. Veuillez acheter &#8220;tracking&#8221; aupr\u00e8s de votre bureau de poste avant de retourner l&#8217;article(s) et fournissez-nous le num\u00e9ro de suivi. Une fois que votre article nous sera revenu, nous vous contacterons pour organiser un remplacement qui vous convienne.<\/p>\n","protected":false},"excerpt":{"rendered":"<p>Bandouli\u00e8res professionnelles pour photographes en cuir pleine fleur de la plus haute qualit\u00e9. Le tressage d\u00e9coratif \u00e0 l&#8217;arri\u00e8re n&#8217;est pas<\/p>\n","protected":false},"featured_media":22366,"comment_status":"open","ping_status":"closed","template":"","meta":{"content-type":""},"product_brand":[],"product_cat":[515,505],"product_tag":[],"class_list":{"0":"post-22357","1":"product","2":"type-product","3":"status-publish","4":"has-post-thumbnail","6":"product_cat-accessoires-pour-photographe","7":"product_cat-sangles-doubles-en-cuir","8":"product_shipping_class-international","10":"first","11":"instock","12":"shipping-taxable","13":"purchasable","14":"product-type-variable"},"_links":{"self":[{"href":"https:\/\/desiredleather.com\/fr\/wp-json\/wp\/v2\/product\/22357","targetHints":{"allow":["GET"]}}],"collection":[{"href":"https:\/\/desiredleather.com\/fr\/wp-json\/wp\/v2\/product"}],"about":[{"href":"https:\/\/desiredleather.com\/fr\/wp-json\/wp\/v2\/types\/product"}],"replies":[{"embeddable":true,"href":"https:\/\/desiredleather.com\/fr\/wp-json\/wp\/v2\/comments?post=22357"}],"wp:featuredmedia":[{"embeddable":true,"href":"https:\/\/desiredleather.com\/fr\/wp-json\/wp\/v2\/media\/22366"}],"wp:attachment":[{"href":"https:\/\/desiredleather.com\/fr\/wp-json\/wp\/v2\/media?parent=22357"}],"wp:term":[{"taxonomy":"product_brand","embeddable":true,"href":"https:\/\/desiredleather.com\/fr\/wp-json\/wp\/v2\/product_brand?post=22357"},{"taxonomy":"product_cat","embeddable":true,"href":"https:\/\/desiredleather.com\/fr\/wp-json\/wp\/v2\/product_cat?post=22357"},{"taxonomy":"product_tag","embeddable":true,"href":"https:\/\/desiredleather.com\/fr\/wp-json\/wp\/v2\/product_tag?post=22357"}],"curies":[{"name":"wp","href":"https:\/\/api.w.org\/{rel}","templated":true}]}}