{"id":22178,"date":"2019-03-26T20:26:42","date_gmt":"2019-03-26T17:26:42","guid":{"rendered":"https:\/\/desiredleather.com\/shop\/translation-placeholder-for-product-id-939\/"},"modified":"2025-10-13T17:47:04","modified_gmt":"2025-10-13T14:47:04","slug":"dragonne-de-camera-en-cuir-reglable","status":"publish","type":"product","link":"https:\/\/desiredleather.com\/fr\/shop\/dragonne-de-camera-en-cuir-reglable\/","title":{"rendered":"Dragonne de cam\u00e9ra en cuir r\u00e9glable"},"content":{"rendered":"<p>La sangle de main en cuir pour appareil photo est un accessoire pratique, \u00e9l\u00e9gant et extr\u00eamement confortable que vous pouvez avoir ! Elle vous aide \u00e0 r\u00e9duire le poids de l&#8217;appareil sur vos doigts, tout en maintenant l&#8217;appareil pr\u00eat \u00e0 photographier \u00e0 tout moment.<\/p>\n<p>La sangle de poignet pour appareil photo est con\u00e7ue pour vous apporter du confort pendant la prise de vue afin que vous tiriez le meilleur parti de votre sangle ; elle peut \u00eatre ajust\u00e9e \u00e0 n&#8217;importe quelle taille de poignet.<\/p>\n<p>CARACT\u00c9RISTIQUES :<\/p>\n<p>&#8211; R\u00e9glable pour toutes les tailles de main.<br \/>\n&#8211; Extr\u00eamement confortable.<br \/>\n&#8211; Vis 1\/4&#8243; pour appareil photo incluse.<br \/>\n&#8211; Pour tous les appareils DSLR, SLR et vintage.<br \/>\n&#8211; Cuir pleine fleur de vachette, tannage v\u00e9g\u00e9tal.<br \/>\n&#8211; Cadeau parfait, ou cadeau compl\u00e9mentaire pour un appareil photo.<\/p>\n<p>Fabriqu\u00e9e \u00e0 la main en cuir pleine fleur 100% vachette v\u00e9ritable.<\/p>\n<p>En raison de ses propri\u00e9t\u00e9s naturelles, le cuir pleine fleur conserve des traces de vie et d\u00e9veloppe une patine naturelle qui s&#8217;embellit avec l&#8217;\u00e2ge ; vous pourrez \u00e9galement appr\u00e9cier des marques naturelles qui ne doivent pas \u00eatre consid\u00e9r\u00e9es comme des imperfections, mais comme une v\u00e9ritable preuve de qualit\u00e9 naturelle.<\/p>\n<p>Une vis 1\/4&#8243; pour appareil photo est incluse avec chaque sangle de poign\u00e9e pour appareil photo.<\/p>\n","protected":false},"excerpt":{"rendered":"<p>La sangle de main en cuir pour appareil photo est un accessoire pratique, \u00e9l\u00e9gant et extr\u00eamement confortable que vous pouvez<\/p>\n","protected":false},"featured_media":22189,"comment_status":"open","ping_status":"closed","template":"","meta":{"content-type":""},"product_brand":[],"product_cat":[515,483],"product_tag":[],"class_list":{"0":"post-22178","1":"product","2":"type-product","3":"status-publish","4":"has-post-thumbnail","6":"product_cat-accessoires-pour-photographe","7":"product_cat-accessoires-en-cuir-supplementaires","8":"product_shipping_class-international","10":"first","11":"instock","12":"shipping-taxable","13":"purchasable","14":"product-type-variable"},"_links":{"self":[{"href":"https:\/\/desiredleather.com\/fr\/wp-json\/wp\/v2\/product\/22178","targetHints":{"allow":["GET"]}}],"collection":[{"href":"https:\/\/desiredleather.com\/fr\/wp-json\/wp\/v2\/product"}],"about":[{"href":"https:\/\/desiredleather.com\/fr\/wp-json\/wp\/v2\/types\/product"}],"replies":[{"embeddable":true,"href":"https:\/\/desiredleather.com\/fr\/wp-json\/wp\/v2\/comments?post=22178"}],"wp:featuredmedia":[{"embeddable":true,"href":"https:\/\/desiredleather.com\/fr\/wp-json\/wp\/v2\/media\/22189"}],"wp:attachment":[{"href":"https:\/\/desiredleather.com\/fr\/wp-json\/wp\/v2\/media?parent=22178"}],"wp:term":[{"taxonomy":"product_brand","embeddable":true,"href":"https:\/\/desiredleather.com\/fr\/wp-json\/wp\/v2\/product_brand?post=22178"},{"taxonomy":"product_cat","embeddable":true,"href":"https:\/\/desiredleather.com\/fr\/wp-json\/wp\/v2\/product_cat?post=22178"},{"taxonomy":"product_tag","embeddable":true,"href":"https:\/\/desiredleather.com\/fr\/wp-json\/wp\/v2\/product_tag?post=22178"}],"curies":[{"name":"wp","href":"https:\/\/api.w.org\/{rel}","templated":true}]}}