{"id":22161,"date":"2019-01-16T12:40:50","date_gmt":"2019-01-16T09:40:50","guid":{"rendered":"https:\/\/desiredleather.com\/shop\/translation-placeholder-for-product-id-629\/"},"modified":"2025-10-13T18:09:09","modified_gmt":"2025-10-13T15:09:09","slug":"sangle-de-camera-mono","status":"publish","type":"product","link":"https:\/\/desiredleather.com\/fr\/shop\/sangle-de-camera-mono\/","title":{"rendered":"Sangle de cam\u00e9ra mono"},"content":{"rendered":"<p>La sangle pour appareil photo est fabriqu\u00e9e en cuir pleine fleur de vache, \u00e9quip\u00e9e de ferrures de qualit\u00e9 pour une manipulation s\u00fbre de l&#8217;\u00e9quipement.<\/p>\n<p>Cuir pleine fleur tann\u00e9 au v\u00e9g\u00e9tal.<\/p>\n<p>Article fait main.<\/p>\n<p>Des ferrures solides et s\u00e9curis\u00e9es garantissent le maintien de plus de 15 kg.<\/p>\n<p>Sangle de s\u00e9curit\u00e9 additionnelle pour appareil photo avec chaque achat.<\/p>\n<p>La sangle enti\u00e8re de 1.5&#8243; de large est facilement r\u00e9glable pour chaque morphologie gr\u00e2ce \u00e0 la boucle m\u00e9tallique situ\u00e9e au dos.<\/p>\n<p>Ces sangles sont r\u00e9glables, et de plus nous avons ajout\u00e9 des tailles pour ceux qui sont plus petits ou plus grands que la taille standard.<br \/>\n<strong>S &#8211; Il correspond \u00e0 une taille d&#8217;environ 175 cm ou moins, et \u00e0 70 kg ou moins.<\/strong><br \/>\n<strong>M &#8211; Il correspond \u00e0 une taille de 175 &#8211; 187 cm, et \u00e0 70 &#8211; 95 kg.<\/strong><br \/>\n<strong>XL &#8211; Il correspond \u00e0 une taille de 187 cm et plus, et \u00e0 95 kg et plus.<\/strong><br \/>\n&#8211; et de toute fa\u00e7on, si quelque chose n&#8217;est pas clair, envoyez-nous simplement un message, et nous vous conseillerons !<\/p>\n","protected":false},"excerpt":{"rendered":"<p>La sangle pour appareil photo est fabriqu\u00e9e en cuir pleine fleur de vache, \u00e9quip\u00e9e de ferrures de qualit\u00e9 pour une<\/p>\n","protected":false},"featured_media":22170,"comment_status":"open","ping_status":"closed","template":"","meta":{"content-type":""},"product_brand":[],"product_cat":[515,508],"product_tag":[],"class_list":{"0":"post-22161","1":"product","2":"type-product","3":"status-publish","4":"has-post-thumbnail","6":"product_cat-accessoires-pour-photographe","7":"product_cat-sangle-simple-en-cuir","8":"product_shipping_class-international","10":"first","11":"instock","12":"shipping-taxable","13":"purchasable","14":"product-type-variable"},"_links":{"self":[{"href":"https:\/\/desiredleather.com\/fr\/wp-json\/wp\/v2\/product\/22161","targetHints":{"allow":["GET"]}}],"collection":[{"href":"https:\/\/desiredleather.com\/fr\/wp-json\/wp\/v2\/product"}],"about":[{"href":"https:\/\/desiredleather.com\/fr\/wp-json\/wp\/v2\/types\/product"}],"replies":[{"embeddable":true,"href":"https:\/\/desiredleather.com\/fr\/wp-json\/wp\/v2\/comments?post=22161"}],"wp:featuredmedia":[{"embeddable":true,"href":"https:\/\/desiredleather.com\/fr\/wp-json\/wp\/v2\/media\/22170"}],"wp:attachment":[{"href":"https:\/\/desiredleather.com\/fr\/wp-json\/wp\/v2\/media?parent=22161"}],"wp:term":[{"taxonomy":"product_brand","embeddable":true,"href":"https:\/\/desiredleather.com\/fr\/wp-json\/wp\/v2\/product_brand?post=22161"},{"taxonomy":"product_cat","embeddable":true,"href":"https:\/\/desiredleather.com\/fr\/wp-json\/wp\/v2\/product_cat?post=22161"},{"taxonomy":"product_tag","embeddable":true,"href":"https:\/\/desiredleather.com\/fr\/wp-json\/wp\/v2\/product_tag?post=22161"}],"curies":[{"name":"wp","href":"https:\/\/api.w.org\/{rel}","templated":true}]}}