{"id":24500,"date":"2025-09-29T16:27:11","date_gmt":"2025-09-29T13:27:11","guid":{"rendered":"https:\/\/desiredleather.com\/livraison-et-expedition\/"},"modified":"2025-09-29T16:27:11","modified_gmt":"2025-09-29T13:27:11","slug":"livraison-et-expedition","status":"publish","type":"page","link":"https:\/\/desiredleather.com\/fr\/livraison-et-expedition\/","title":{"rendered":"Livraison et exp\u00e9dition"},"content":{"rendered":"<div class=\"wpb-content-wrapper\"><p>[vc_row][vc_column][vc_column_text woodmart_inline=&#8221;no&#8221; text_larger=&#8221;no&#8221;]<\/p>\n<div class=\"jas-container\">\n<div class=\"vc_row\">\n<div class=\"wpb_column vc_column_container vc_col-sm-12\">\n<div class=\"vc_column-inner \">\n<div class=\"wpb_wrapper\">\n<div class=\"wpb_text_column wpb_content_element \">\n<div class=\"wpb_wrapper\">\n<h6>Nous livrons des colis dans le monde entier. Les zones de livraison sont simplement list\u00e9es ci-dessous ; en fonction de celles-ci, le d\u00e9lai de livraison varie. <\/h6>\n<h6>Ne vous m\u00e9prenez pas, nous livrons des colis dans tous les pays.<\/h6>\n<h6><strong><em>D\u00e9lai de traitement<\/em><\/strong><\/h6>\n<p>Le temps dont j\u2019ai besoin pour pr\u00e9parer une commande avant l\u2019exp\u00e9dition est de 2 \u00e0 5 jours.<\/p>\n<p><strong><em>D\u00e9lais de livraison estim\u00e9s :<\/em><\/strong><\/p>\n<h6><strong><span class=\"text-gray-lighter\" data-region=\"estimate-display-name\" data-value=\"79\">D\u00e9lai pour la livraison express :<\/span><\/strong><\/h6>\n<div data-policy-display=\"\"> <\/div>\n<div data-policy-display=\"\">Dans le monde entier : 2 \u00e0 5 jours<\/div>\n<\/div>\n<div data-policy-display=\"\"> <\/div>\n<\/div>\n<\/div>\n<\/div>\n<\/div>\n<div class=\"wpb_column vc_column_container vc_col-sm-12\">\n<div class=\"vc_column-inner \">\n<div class=\"wpb_wrapper\">\n<div class=\"wpb_text_column wpb_content_element \">\n<div class=\"wpb_wrapper\">\n<h6 class=\"b pb-xs-2\"><strong><span class=\"text-gray-lighter\" data-region=\"estimate-display-name\" data-value=\"79\">D\u00e9lai pour la livraison \u00e9conomique:<\/span><\/strong><\/h6>\n<div><strong>Amis, soyez patients, nous ne contr\u00f4lons pas le travail du service postal, et il y a des retards et des dysfonctionnements. Nous ne pouvons pas garantir les d\u00e9lais de fonctionnement de la poste nationale.  <\/strong><\/div>\n<div> <\/div>\n<div class=\"b pb-xs-2\"><span class=\"text-gray-lighter\" data-region=\"estimate-display-name\" data-value=\"79\">Canada:<\/span> <span class=\"pl-xs-1\">4 \u00e0 6 semaines<\/span><\/div>\n<div class=\"\" data-region=\"shipping-estimates-table\">\n<div data-shipping-estimate=\"\">\n<div class=\"col-group\">\n<div class=\"col-xs-11 pl-xs-0 pr-xs-0\">\n<div class=\"pb-xs-2\" data-policy-display=\"\"><span class=\"text-gray-lighter\" data-region=\"estimate-display-name\" data-value=\"128\">Italia, Espa\u00f1a, Portugal:<\/span> <span class=\"pl-xs-1\">3-5 semanas<\/span><\/div>\n<\/div>\n<\/div>\n<\/div>\n<div data-shipping-estimate=\"\">\n<div class=\"col-group\">\n<div class=\"col-xs-11 pl-xs-0 pr-xs-0\">\n<div class=\"pb-xs-2\" data-policy-display=\"\"><span class=\"text-gray-lighter\" data-region=\"estimate-display-name\" data-value=\"209\">\u00c9tats-Unis:<\/span> <span class=\"pl-xs-1\">2 \u00e0 3 semaines<\/span><\/div>\n<\/div>\n<\/div>\n<\/div>\n<div data-shipping-estimate=\"\">\n<div class=\"col-group\">\n<div class=\"col-xs-11 pl-xs-0 pr-xs-0\">\n<div class=\"pb-xs-2\" data-policy-display=\"\"><span class=\"text-gray-lighter\" data-region=\"estimate-display-name\" data-value=\"europe\">Europe:<\/span> <span class=\"pl-xs-1\">2 \u00e0 3 semaines<\/span><\/div>\n<\/div>\n<\/div>\n<\/div>\n<div data-shipping-estimate=\"\">\n<div class=\"col-group\">\n<div class=\"col-xs-11 pl-xs-0 pr-xs-0\">\n<div class=\"pb-xs-2\" data-policy-display=\"\"><span class=\"text-gray-lighter\" data-region=\"estimate-display-name\" data-value=\"asia\">FR: Asie-Pacifique:<\/span> <span class=\"pl-xs-1\">3 \u00e0 4 semaines<\/span><\/div>\n<div data-policy-display=\"\"> <\/div>\n<div data-policy-display=\"\">Je ferai de mon mieux pour respecter ces d\u00e9lais de livraison, mais je ne peux pas les garantir. Le d\u00e9lai r\u00e9el de livraison d\u00e9pendra de la m\u00e9thode d\u2019exp\u00e9dition que vous choisirez. <\/div>\n<\/div>\n<\/div>\n<\/div>\n<\/div>\n<div data-policy-display=\"\"> <\/div>\n<h5><strong><em>Douanes et taxes d\u2019importation<\/em><\/strong><\/h5>\n<p>Si vous commandez depuis l\u2019Europe, des taxes d\u2019importation suppl\u00e9mentaires peuvent vous \u00eatre factur\u00e9es, conform\u00e9ment \u00e0 la l\u00e9gislation de votre pays (surtout pour le type de livraison acc\u00e9l\u00e9r\u00e9e).<\/p>\n<p>Les acheteurs sont responsables de tous les droits de douane et taxes d\u2019importation qui peuvent s\u2019appliquer.<br \/>Je ne suis pas responsable des retards dus \u00e0 la douane.<\/p>\n<\/div>\n<\/div>\n<\/div>\n<\/div>\n<\/div>\n<\/div>\n<\/div>\n<div class=\"jas-container\">\n<div class=\"vc_row\">\n<div class=\"wpb_column vc_column_container vc_col-sm-12\">\n<div class=\"vc_column-inner \">\n<div class=\"wpb_wrapper\">\n<div class=\"wpb_text_column wpb_content_element \">\n<div class=\"wpb_wrapper\"> <\/div>\n<\/div>\n<\/div>\n<\/div>\n<\/div>\n<\/div>\n<\/div>\n<div class=\"jas-container\">\n<div class=\"vc_row\"> <\/div>\n<\/div>\n<p>[\/vc_column_text][\/vc_column][\/vc_row][vc_row][vc_column][vc_column_text]<\/p>\n[\/vc_column_text][\/vc_column][\/vc_row][vc_row][\/vc_row][vc_column][\/vc_column]<\/div>","protected":false},"excerpt":{"rendered":"<p>[vc_row][vc_column][vc_column_text woodmart_inline=&#8221;no&#8221; text_larger=&#8221;no&#8221;] Nous livrons des colis dans le monde entier. Les zones de livraison sont simplement list\u00e9es ci-dessous ;<\/p>\n","protected":false},"author":1,"featured_media":0,"parent":0,"menu_order":0,"comment_status":"closed","ping_status":"closed","template":"","meta":{"content-type":"","footnotes":""},"class_list":["post-24500","page","type-page","status-publish","hentry"],"_links":{"self":[{"href":"https:\/\/desiredleather.com\/fr\/wp-json\/wp\/v2\/pages\/24500","targetHints":{"allow":["GET"]}}],"collection":[{"href":"https:\/\/desiredleather.com\/fr\/wp-json\/wp\/v2\/pages"}],"about":[{"href":"https:\/\/desiredleather.com\/fr\/wp-json\/wp\/v2\/types\/page"}],"author":[{"embeddable":true,"href":"https:\/\/desiredleather.com\/fr\/wp-json\/wp\/v2\/users\/1"}],"replies":[{"embeddable":true,"href":"https:\/\/desiredleather.com\/fr\/wp-json\/wp\/v2\/comments?post=24500"}],"version-history":[{"count":0,"href":"https:\/\/desiredleather.com\/fr\/wp-json\/wp\/v2\/pages\/24500\/revisions"}],"wp:attachment":[{"href":"https:\/\/desiredleather.com\/fr\/wp-json\/wp\/v2\/media?parent=24500"}],"curies":[{"name":"wp","href":"https:\/\/api.w.org\/{rel}","templated":true}]}}