{"id":22035,"date":"2024-04-01T14:08:25","date_gmt":"2024-04-01T11:08:25","guid":{"rendered":"https:\/\/desiredleather.com\/shop\/translation-placeholder-for-product-id-19543\/"},"modified":"2025-10-10T14:25:29","modified_gmt":"2025-10-10T11:25:29","slug":"correas-de-alto-contraste-con-tu-logotipo","status":"publish","type":"product","link":"https:\/\/desiredleather.com\/es\/shop\/correas-de-alto-contraste-con-tu-logotipo\/","title":{"rendered":"Correas de alto contraste con tu logotipo"},"content":{"rendered":"<h3>CORREA DE C\u00c1MARA ELEGANTE CON SU LOGOTIPO en color de alto contraste<\/h3>\n<p>(Puede subir su logotipo al realizar el pedido en el carrito.)<\/p>\n<p>(Por favor env\u00edenos su logotipo para grabado en jpg o cualquier formato, est\u00e1 incluido en el precio)<\/p>\n<p>Ancho de la correa \u2013 3,8 cm (1,5 pulgadas)<\/p>\n<p>Material \u2013 cuero de plena flor<\/p>\n<p>Herrajes \u2013 acero inoxidable<\/p>\n<p>Costuras \u2013 no<\/p>\n<p>Logotipo \u2013 grabado gratuito incluido<\/p>\n<p>El grabado solo puede ser en negro. Puede a\u00f1adir su logotipo durante el pago<\/p>\n<p><a href=\"https:\/\/desiredleather.com\/es\/todo-sobre-las-correas-personalizadas-para-camara\/\">m\u00e1s sobre la personalizaci\u00f3n<\/a><\/p>\n<p>Color \u2013 alto contraste<\/p>\n<p>En la caja \u2013 correas y un par de deslizadores. Est\u00e1 completamente listo para usar<\/p>\n<p>Esas correas son ajustables, y adem\u00e1s hemos a\u00f1adido tallas para quienes son m\u00e1s peque\u00f1os o m\u00e1s grandes que lo habitual.<br \/>\nS \u2013 Aproximadamente hasta 175 cm de altura y hasta 70 kg.<br \/>\nM \u2013 175 \u2013 187 cm de altura y 70 \u2013 95 kg.<br \/>\nXL \u2013 187 cm de altura o m\u00e1s y 95 kg o m\u00e1s.<br \/>\n\u2013 y en cualquier caso, si hay algo que no queda claro, simplemente env\u00edenos un mensaje y le asesoraremos!<\/p>\n<p>COLOR \u2013 en la foto puede ser un poco distinto al art\u00edculo real, porque depende de la calibraci\u00f3n de su pantalla y tambi\u00e9n del lote de cuero!<\/p>\n<p>Si su nuevo arn\u00e9s no le queda bien, por favor comun\u00edquenoslo dentro de los 7 d\u00edas h\u00e1biles desde la fecha en que recibi\u00f3 su pedido, y podremos gestionar un cambio (con todos los gastos de env\u00edo por cuenta del comprador).<\/p>\n<p>El art\u00edculo debe estar sin usar.<\/p>\n<p>Lo sentimos, los gastos de env\u00edo no ser\u00e1n reembolsados. Por favor compre \u201cseguimiento\u201d en su oficina de correos antes de devolver el\/los art\u00edculo(s) y proporci\u00f3nenos el n\u00famero de seguimiento. Una vez que su art\u00edculo llegue de vuelta, nos pondremos en contacto con usted para organizar un art\u00edculo de reemplazo con el que quede satisfecho.<\/p>\n","protected":false},"excerpt":{"rendered":"<p>CORREA DE C\u00c1MARA ELEGANTE CON SU LOGOTIPO en color de alto contraste (Puede subir su logotipo al realizar el pedido<\/p>\n","protected":false},"featured_media":22036,"comment_status":"open","ping_status":"closed","template":"","meta":{"content-type":""},"product_brand":[],"product_cat":[503,504],"product_tag":[],"class_list":{"0":"post-22035","1":"product","2":"type-product","3":"status-publish","4":"has-post-thumbnail","6":"product_cat-accesorios-para-fotografos","7":"product_cat-correas-de-camara-dobles","9":"first","10":"instock","11":"shipping-taxable","12":"purchasable","13":"product-type-variable"},"_links":{"self":[{"href":"https:\/\/desiredleather.com\/es\/wp-json\/wp\/v2\/product\/22035","targetHints":{"allow":["GET"]}}],"collection":[{"href":"https:\/\/desiredleather.com\/es\/wp-json\/wp\/v2\/product"}],"about":[{"href":"https:\/\/desiredleather.com\/es\/wp-json\/wp\/v2\/types\/product"}],"replies":[{"embeddable":true,"href":"https:\/\/desiredleather.com\/es\/wp-json\/wp\/v2\/comments?post=22035"}],"wp:featuredmedia":[{"embeddable":true,"href":"https:\/\/desiredleather.com\/es\/wp-json\/wp\/v2\/media\/22036"}],"wp:attachment":[{"href":"https:\/\/desiredleather.com\/es\/wp-json\/wp\/v2\/media?parent=22035"}],"wp:term":[{"taxonomy":"product_brand","embeddable":true,"href":"https:\/\/desiredleather.com\/es\/wp-json\/wp\/v2\/product_brand?post=22035"},{"taxonomy":"product_cat","embeddable":true,"href":"https:\/\/desiredleather.com\/es\/wp-json\/wp\/v2\/product_cat?post=22035"},{"taxonomy":"product_tag","embeddable":true,"href":"https:\/\/desiredleather.com\/es\/wp-json\/wp\/v2\/product_tag?post=22035"}],"curies":[{"name":"wp","href":"https:\/\/api.w.org\/{rel}","templated":true}]}}