{"id":21880,"date":"2022-01-12T15:27:39","date_gmt":"2022-01-12T12:27:39","guid":{"rendered":"https:\/\/desiredleather.com\/shop\/translation-placeholder-for-product-id-12639\/"},"modified":"2025-10-13T14:36:26","modified_gmt":"2025-10-13T11:36:26","slug":"deslizadores-para-anclajes-peak-design","status":"publish","type":"product","link":"https:\/\/desiredleather.com\/es\/shop\/deslizadores-para-anclajes-peak-design\/","title":{"rendered":"Deslizadores para anclajes Peak Design"},"content":{"rendered":"<h4>Deslizadores para peak design anchors<\/h4>\n<h2>se venden por pares<\/h2>\n<p>Deslizadores de cuero en los que puede colgar de forma independiente sus peak design anchors.<br \/>\nRecibir\u00e1 deslizadores de cuero que pueden utilizarse con nuestras correas, pero puede colgar sus peak design anchors por su cuenta.<\/p>\n<p>Los peak design anchors no est\u00e1n incluidos.<\/p>\n<p>Usted recibir\u00e1 \u00fanicamente deslizadores de cuero y los tornillos en los que est\u00e1n atornillados.<\/p>\n<p>Deslizadores anchos &#8211; 3.8cm<\/p>\n<p>Deslizadores estrechos &#8211; 2.5cm.<\/p>\n<p>se venden por pares<\/p>\n<p>El ancho de los deslizadores se ajusta al ancho de sus correas.<\/p>\n","protected":false},"excerpt":{"rendered":"<p>Deslizadores para peak design anchors se venden por pares Deslizadores de cuero en los que puede colgar de forma independiente<\/p>\n","protected":false},"featured_media":21881,"comment_status":"open","ping_status":"closed","template":"","meta":{"content-type":""},"product_brand":[],"product_cat":[503,513],"product_tag":[],"class_list":{"0":"post-21880","1":"product","2":"type-product","3":"status-publish","4":"has-post-thumbnail","6":"product_cat-accesorios-para-fotografos","7":"product_cat-accesorios-adicionales","9":"first","10":"instock","11":"shipping-taxable","12":"purchasable","13":"product-type-variable"},"_links":{"self":[{"href":"https:\/\/desiredleather.com\/es\/wp-json\/wp\/v2\/product\/21880","targetHints":{"allow":["GET"]}}],"collection":[{"href":"https:\/\/desiredleather.com\/es\/wp-json\/wp\/v2\/product"}],"about":[{"href":"https:\/\/desiredleather.com\/es\/wp-json\/wp\/v2\/types\/product"}],"replies":[{"embeddable":true,"href":"https:\/\/desiredleather.com\/es\/wp-json\/wp\/v2\/comments?post=21880"}],"wp:featuredmedia":[{"embeddable":true,"href":"https:\/\/desiredleather.com\/es\/wp-json\/wp\/v2\/media\/21881"}],"wp:attachment":[{"href":"https:\/\/desiredleather.com\/es\/wp-json\/wp\/v2\/media?parent=21880"}],"wp:term":[{"taxonomy":"product_brand","embeddable":true,"href":"https:\/\/desiredleather.com\/es\/wp-json\/wp\/v2\/product_brand?post=21880"},{"taxonomy":"product_cat","embeddable":true,"href":"https:\/\/desiredleather.com\/es\/wp-json\/wp\/v2\/product_cat?post=21880"},{"taxonomy":"product_tag","embeddable":true,"href":"https:\/\/desiredleather.com\/es\/wp-json\/wp\/v2\/product_tag?post=21880"}],"curies":[{"name":"wp","href":"https:\/\/api.w.org\/{rel}","templated":true}]}}