{"id":21654,"date":"2020-10-10T18:05:32","date_gmt":"2020-10-10T15:05:32","guid":{"rendered":"https:\/\/desiredleather.com\/shop\/translation-placeholder-for-product-id-2501\/"},"modified":"2025-10-15T22:40:03","modified_gmt":"2025-10-15T19:40:03","slug":"correas-de-camara-personalizadas-con-costuras","status":"publish","type":"product","link":"https:\/\/desiredleather.com\/es\/shop\/correas-de-camara-personalizadas-con-costuras\/","title":{"rendered":"Correas de c\u00e1mara personalizadas con costuras"},"content":{"rendered":"<p>\u00bfBusca una correa para c\u00e1mara personalizada para mejorar su experiencia fotogr\u00e1fica? No busque m\u00e1s: nuestras correas personalizadas para c\u00e1maras hechas a mano con costuras. Nuestras correas son perfectas para cualquier ocasi\u00f3n, desde bodas y sesiones de estudio hasta viajes y fotograf\u00eda de vida salvaje, y eventos deportivos.<\/p>\n<p><strong>Ancho de la correa<\/strong> \u2013 3.8cm (1.5 inch)<\/p>\n<p><strong>Material<\/strong> \u2013 piel de plena flor<\/p>\n<p><strong>Herrajes<\/strong> \u2013 acero inoxidable<\/p>\n<p><strong>Costura<\/strong> \u2013 s\u00ed<\/p>\n<p><strong>Logotipo<\/strong> \u2013 grabado incluido gratis<\/p>\n<p><strong>El grabado<\/strong> solo puede ser en negro. Puede a\u00f1adir su logotipo durante el proceso de compra<\/p>\n<p><a href=\"https:\/\/desiredleather.com\/es\/todo-sobre-las-correas-personalizadas-para-camara\/\">m\u00e1s sobre la personalizaci\u00f3n<\/a><\/p>\n<p><strong>Color<\/strong> &#8211; a su elecci\u00f3n<\/p>\n<p><strong>En la caja<\/strong> &#8211; correas y un par de hebillas deslizantes. Est\u00e1n completamente listas para usar<\/p>\n<p>Fabricadas con piel de plena flor de alta calidad y duradera, nuestras correas est\u00e1n dise\u00f1adas para durar. Con herrajes met\u00e1licos endurecidos, incluyendo snap shackles como mosquetones principales, son adecuadas tanto para fot\u00f3grafos como para fot\u00f3grafas. Adem\u00e1s, vienen con la opci\u00f3n de a\u00f1adir su propio logotipo mediante grabado l\u00e1ser, que est\u00e1 incluido en el precio.<\/p>\n<p>Nuestras correas tambi\u00e9n son ajustables, con tallas para adaptarse a quienes son m\u00e1s peque\u00f1os o m\u00e1s grandes que la media.<\/p>\n<p><strong>Las opciones de tallas incluyen:<\/strong><\/p>\n<p>S para quienes tengan una altura inferior a 175cm y un peso de 70kg,<\/p>\n<p>M para quienes tengan una altura entre 175-187cm y un peso entre 70-95kg<\/p>\n<p>XL para quienes midan m\u00e1s de 187cm y pesen m\u00e1s de 95kg.<\/p>\n<p>Tenga en cuenta que el color de la correa puede aparecer ligeramente distinto en la foto debido a la calibraci\u00f3n de la pantalla y al lote de cuero. Adem\u00e1s, si su correa no le queda bien, puede cambiarla dentro de los 7 d\u00edas laborables siguientes a la recepci\u00f3n, siempre que est\u00e9 en estado sin usar. Sin embargo, los gastos de env\u00edo no ser\u00e1n reembolsados y el comprador es responsable de todos los costes de env\u00edo asociados al cambio.<\/p>\n<p>Mejore su experiencia fotogr\u00e1fica con nuestras correas personalizadas para c\u00e1maras hechas a mano con costuras hoy mismo. No olvide enviarnos su logotipo; puede adjuntarlo durante el proceso de compra (jpg o cualquier formato) o enviarlo al correo info@desiredleather.com dentro de los 5 d\u00edas laborables para asegurarse de que se incluya en su correa.<\/p>\n","protected":false},"excerpt":{"rendered":"<p>\u00bfBusca una correa para c\u00e1mara personalizada para mejorar su experiencia fotogr\u00e1fica? No busque m\u00e1s: nuestras correas personalizadas para c\u00e1maras hechas<\/p>\n","protected":false},"featured_media":21657,"comment_status":"open","ping_status":"closed","template":"","meta":{"content-type":""},"product_brand":[],"product_cat":[503,504],"product_tag":[],"class_list":{"0":"post-21654","1":"product","2":"type-product","3":"status-publish","4":"has-post-thumbnail","6":"product_cat-accesorios-para-fotografos","7":"product_cat-correas-de-camara-dobles","9":"first","10":"instock","11":"shipping-taxable","12":"purchasable","13":"product-type-variable"},"_links":{"self":[{"href":"https:\/\/desiredleather.com\/es\/wp-json\/wp\/v2\/product\/21654","targetHints":{"allow":["GET"]}}],"collection":[{"href":"https:\/\/desiredleather.com\/es\/wp-json\/wp\/v2\/product"}],"about":[{"href":"https:\/\/desiredleather.com\/es\/wp-json\/wp\/v2\/types\/product"}],"replies":[{"embeddable":true,"href":"https:\/\/desiredleather.com\/es\/wp-json\/wp\/v2\/comments?post=21654"}],"wp:featuredmedia":[{"embeddable":true,"href":"https:\/\/desiredleather.com\/es\/wp-json\/wp\/v2\/media\/21657"}],"wp:attachment":[{"href":"https:\/\/desiredleather.com\/es\/wp-json\/wp\/v2\/media?parent=21654"}],"wp:term":[{"taxonomy":"product_brand","embeddable":true,"href":"https:\/\/desiredleather.com\/es\/wp-json\/wp\/v2\/product_brand?post=21654"},{"taxonomy":"product_cat","embeddable":true,"href":"https:\/\/desiredleather.com\/es\/wp-json\/wp\/v2\/product_cat?post=21654"},{"taxonomy":"product_tag","embeddable":true,"href":"https:\/\/desiredleather.com\/es\/wp-json\/wp\/v2\/product_tag?post=21654"}],"curies":[{"name":"wp","href":"https:\/\/api.w.org\/{rel}","templated":true}]}}