{"id":21530,"date":"2020-08-31T14:05:13","date_gmt":"2020-08-31T11:05:13","guid":{"rendered":"https:\/\/desiredleather.com\/shop\/translation-placeholder-for-product-id-7720\/"},"modified":"2025-10-13T15:12:55","modified_gmt":"2025-10-13T12:12:55","slug":"funda-vintage-para-lentes","status":"publish","type":"product","link":"https:\/\/desiredleather.com\/es\/shop\/funda-vintage-para-lentes\/","title":{"rendered":"Funda vintage para lentes"},"content":{"rendered":"<div class=\"wpb-content-wrapper\"><p>[vc_row][vc_column][vc_column_text css=&#8221;&#8221; woodmart_inline=&#8221;no&#8221; text_larger=&#8221;no&#8221;]<strong>Funda para objetivo de cuero de estilo vintage \u2013 resistente a impactos, elegante y vers\u00e1til.<\/strong><\/p>\n<ul>\n<li><strong>Material:<\/strong> Cuero con acabado vintage<\/li>\n<li><strong>Protecci\u00f3n:<\/strong> Espuma de densidad media protege su objetivo de impactos y ara\u00f1azos<\/li>\n<li><strong>Funcionalidad:<\/strong> Puede sujetarse al cintur\u00f3n, a la correa de la c\u00e1mara o llevarse con su propia correa de hombro<\/li>\n<li><strong>Personalizaci\u00f3n:<\/strong> Detalles en lona disponibles en varios colores \u2014 indique su preferencia al finalizar la compra<\/li>\n<\/ul>\n<p><strong>Tama\u00f1os disponibles:<\/strong><\/p>\n<ul>\n<li><strong>Peque\u00f1o:<\/strong> 4\u2033\u20135.6\u2033 (H) \u00d7 3\u2033 (W) \u00d7 3\u2033 (D)<\/li>\n<li><strong>Mediano:<\/strong> 7.6\u2033\u20139\u2033 (H) \u00d7 4\u2033 (W) \u00d7 3.5\u2033 (D)<\/li>\n<li><strong>Grande:<\/strong> 11\u2033\u201313\u2033 (H) \u00d7 4.76\u2033 (W) \u00d7 4\u2033 (D)<\/li>\n<\/ul>\n<p><strong>Cada funda est\u00e1 hecha a mano y dise\u00f1ada para complementar su equipo fotogr\u00e1fico tanto en forma como en funci\u00f3n.<\/strong><\/p>\n<p>[\/vc_column_text][\/vc_column][\/vc_row]<\/p>\n<\/div>","protected":false},"excerpt":{"rendered":"<p>[vc_row][vc_column][vc_column_text css=&#8221;&#8221; woodmart_inline=&#8221;no&#8221; text_larger=&#8221;no&#8221;]Funda para objetivo de cuero de estilo vintage \u2013 resistente a impactos, elegante y vers\u00e1til. Material: Cuero<\/p>\n","protected":false},"featured_media":21535,"comment_status":"open","ping_status":"closed","template":"","meta":{"content-type":""},"product_brand":[],"product_cat":[503,510],"product_tag":[],"class_list":{"0":"post-21530","1":"product","2":"type-product","3":"status-publish","4":"has-post-thumbnail","6":"product_cat-accesorios-para-fotografos","7":"product_cat-bolsa-para-lentes","9":"first","10":"instock","11":"shipping-taxable","12":"purchasable","13":"product-type-variable"},"_links":{"self":[{"href":"https:\/\/desiredleather.com\/es\/wp-json\/wp\/v2\/product\/21530","targetHints":{"allow":["GET"]}}],"collection":[{"href":"https:\/\/desiredleather.com\/es\/wp-json\/wp\/v2\/product"}],"about":[{"href":"https:\/\/desiredleather.com\/es\/wp-json\/wp\/v2\/types\/product"}],"replies":[{"embeddable":true,"href":"https:\/\/desiredleather.com\/es\/wp-json\/wp\/v2\/comments?post=21530"}],"wp:featuredmedia":[{"embeddable":true,"href":"https:\/\/desiredleather.com\/es\/wp-json\/wp\/v2\/media\/21535"}],"wp:attachment":[{"href":"https:\/\/desiredleather.com\/es\/wp-json\/wp\/v2\/media?parent=21530"}],"wp:term":[{"taxonomy":"product_brand","embeddable":true,"href":"https:\/\/desiredleather.com\/es\/wp-json\/wp\/v2\/product_brand?post=21530"},{"taxonomy":"product_cat","embeddable":true,"href":"https:\/\/desiredleather.com\/es\/wp-json\/wp\/v2\/product_cat?post=21530"},{"taxonomy":"product_tag","embeddable":true,"href":"https:\/\/desiredleather.com\/es\/wp-json\/wp\/v2\/product_tag?post=21530"}],"curies":[{"name":"wp","href":"https:\/\/api.w.org\/{rel}","templated":true}]}}