{"id":21453,"date":"2020-03-19T16:07:15","date_gmt":"2020-03-19T13:07:15","guid":{"rendered":"https:\/\/desiredleather.com\/shop\/translation-placeholder-for-product-id-6430\/"},"modified":"2025-10-13T15:23:48","modified_gmt":"2025-10-13T12:23:48","slug":"mascara-steampunk-de-cuero","status":"publish","type":"product","link":"https:\/\/desiredleather.com\/es\/shop\/mascara-steampunk-de-cuero\/","title":{"rendered":"M\u00e1scara steampunk de cuero"},"content":{"rendered":"<h3>M\u00e1scara de cuero de estilo steampunk.<\/h3>\n<p>\u00bfQuer\u00edas una m\u00e1scara steampunk, pero no hab\u00eda motivo?<br \/>\n\u2800<br \/>\nAs\u00ed que \u00e9l ha llegado.<br \/>\nAprovecha el momento en el que realmente es posible combinar la cuarentena y la libertad de expresi\u00f3n\ud83d\udd25<br \/>\n\u2800<br \/>\nEn el interior puedes colocar una m\u00e1scara m\u00e9dica, filtros de tela &#8230;<br \/>\n\u2800<br \/>\nFabricamos la m\u00e1scara en 1-2 d\u00edas.<br \/>\n\u2800<br \/>\n\u2714 Cuero genuino proteger\u00e1 del viento, del polvo, del mal de ojo. El mismo virus se asustar\u00e1 primero.<br \/>\n\u2714 Las fijaciones fiables no dar\u00e1n oportunidad de que se desprenda o salga volando.<br \/>\n\u2714 Ideal para motociclistas y ciclistas.<br \/>\n\u2800<br \/>\nTalla ajustable.<\/p>\n","protected":false},"excerpt":{"rendered":"<p>M\u00e1scara de cuero de estilo steampunk. \u00bfQuer\u00edas una m\u00e1scara steampunk, pero no hab\u00eda motivo? \u2800 As\u00ed que \u00e9l ha llegado.<\/p>\n","protected":false},"featured_media":21457,"comment_status":"open","ping_status":"closed","template":"","meta":{"content-type":""},"product_brand":[],"product_cat":[514],"product_tag":[],"class_list":{"0":"post-21453","1":"product","2":"type-product","3":"status-publish","4":"has-post-thumbnail","6":"product_cat-otros","8":"first","9":"instock","10":"shipping-taxable","11":"purchasable","12":"product-type-variable"},"_links":{"self":[{"href":"https:\/\/desiredleather.com\/es\/wp-json\/wp\/v2\/product\/21453","targetHints":{"allow":["GET"]}}],"collection":[{"href":"https:\/\/desiredleather.com\/es\/wp-json\/wp\/v2\/product"}],"about":[{"href":"https:\/\/desiredleather.com\/es\/wp-json\/wp\/v2\/types\/product"}],"replies":[{"embeddable":true,"href":"https:\/\/desiredleather.com\/es\/wp-json\/wp\/v2\/comments?post=21453"}],"wp:featuredmedia":[{"embeddable":true,"href":"https:\/\/desiredleather.com\/es\/wp-json\/wp\/v2\/media\/21457"}],"wp:attachment":[{"href":"https:\/\/desiredleather.com\/es\/wp-json\/wp\/v2\/media?parent=21453"}],"wp:term":[{"taxonomy":"product_brand","embeddable":true,"href":"https:\/\/desiredleather.com\/es\/wp-json\/wp\/v2\/product_brand?post=21453"},{"taxonomy":"product_cat","embeddable":true,"href":"https:\/\/desiredleather.com\/es\/wp-json\/wp\/v2\/product_cat?post=21453"},{"taxonomy":"product_tag","embeddable":true,"href":"https:\/\/desiredleather.com\/es\/wp-json\/wp\/v2\/product_tag?post=21453"}],"curies":[{"name":"wp","href":"https:\/\/api.w.org\/{rel}","templated":true}]}}