{"id":21444,"date":"2020-03-17T14:21:02","date_gmt":"2020-03-17T11:21:02","guid":{"rendered":"https:\/\/desiredleather.com\/shop\/translation-placeholder-for-product-id-6141\/"},"modified":"2025-10-13T15:27:32","modified_gmt":"2025-10-13T12:27:32","slug":"funda-para-lente-con-lona-gris","status":"publish","type":"product","link":"https:\/\/desiredleather.com\/es\/shop\/funda-para-lente-con-lona-gris\/","title":{"rendered":"Funda para lente con lona gris"},"content":{"rendered":"<div class=\"wpb-content-wrapper\"><p>[vc_row][vc_column][vc_column_text css=&#8221;&#8221; woodmart_inline=&#8221;no&#8221; text_larger=&#8221;no&#8221;]<strong>Funda para objetivo duradera y elegante fabricada en lona gris impermeable con detalles de cuero personalizados.<\/strong><\/p>\n<ul>\n<li><strong>Material:<\/strong> Lona gris impermeable con detalles de cuero a su elecci\u00f3n<\/li>\n<li><strong>Protection:<\/strong> Acolchado de espuma de densidad media que protege su objetivo frente a golpes y ara\u00f1azos<\/li>\n<li><strong>Carrying Options:<\/strong> Cuelgue la funda del cintur\u00f3n, de la correa de la c\u00e1mara, o \u00fasela por separado con la correa de hombro incluida<\/li>\n<li><strong>Customization:<\/strong> Seleccione el color del cuero para que combine con su correa de c\u00e1mara existente (deje una nota al finalizar la compra)<\/li>\n<\/ul>\n<p><strong>Tama\u00f1os disponibles:<\/strong><\/p>\n<ul>\n<li><strong>Peque\u00f1o:<\/strong> 4\u2033\u20135.6\u2033 (H) \u00d7 3\u2033 (W) \u00d7 3\u2033 (D)<\/li>\n<li><strong>Mediano:<\/strong> 7.6\u2033\u20139\u2033 (H) \u00d7 4\u2033 (W) \u00d7 3.5\u2033 (D)<\/li>\n<li><strong>Grande:<\/strong> 11\u2033\u201313\u2033 (H) \u00d7 4.76\u2033 (W) \u00d7 4\u2033 (D)<\/li>\n<\/ul>\n<p><strong>Esta funda es una excelente opci\u00f3n para fot\u00f3grafos que buscan una protecci\u00f3n resistente y elegante para objetivos, con un toque personalizado.<\/strong><br \/>\n[\/vc_column_text][\/vc_column][\/vc_row]<\/p>\n<\/div>","protected":false},"excerpt":{"rendered":"<p>[vc_row][vc_column][vc_column_text css=&#8221;&#8221; woodmart_inline=&#8221;no&#8221; text_larger=&#8221;no&#8221;]Funda para objetivo duradera y elegante fabricada en lona gris impermeable con detalles de cuero personalizados. Material:<\/p>\n","protected":false},"featured_media":21446,"comment_status":"open","ping_status":"closed","template":"","meta":{"content-type":""},"product_brand":[],"product_cat":[503,510],"product_tag":[],"class_list":{"0":"post-21444","1":"product","2":"type-product","3":"status-publish","4":"has-post-thumbnail","6":"product_cat-accesorios-para-fotografos","7":"product_cat-bolsa-para-lentes","9":"first","10":"instock","11":"shipping-taxable","12":"purchasable","13":"product-type-variable"},"_links":{"self":[{"href":"https:\/\/desiredleather.com\/es\/wp-json\/wp\/v2\/product\/21444","targetHints":{"allow":["GET"]}}],"collection":[{"href":"https:\/\/desiredleather.com\/es\/wp-json\/wp\/v2\/product"}],"about":[{"href":"https:\/\/desiredleather.com\/es\/wp-json\/wp\/v2\/types\/product"}],"replies":[{"embeddable":true,"href":"https:\/\/desiredleather.com\/es\/wp-json\/wp\/v2\/comments?post=21444"}],"wp:featuredmedia":[{"embeddable":true,"href":"https:\/\/desiredleather.com\/es\/wp-json\/wp\/v2\/media\/21446"}],"wp:attachment":[{"href":"https:\/\/desiredleather.com\/es\/wp-json\/wp\/v2\/media?parent=21444"}],"wp:term":[{"taxonomy":"product_brand","embeddable":true,"href":"https:\/\/desiredleather.com\/es\/wp-json\/wp\/v2\/product_brand?post=21444"},{"taxonomy":"product_cat","embeddable":true,"href":"https:\/\/desiredleather.com\/es\/wp-json\/wp\/v2\/product_cat?post=21444"},{"taxonomy":"product_tag","embeddable":true,"href":"https:\/\/desiredleather.com\/es\/wp-json\/wp\/v2\/product_tag?post=21444"}],"curies":[{"name":"wp","href":"https:\/\/api.w.org\/{rel}","templated":true}]}}