{"id":21409,"date":"2020-01-22T15:23:55","date_gmt":"2020-01-22T12:23:55","guid":{"rendered":"https:\/\/desiredleather.com\/shop\/translation-placeholder-for-product-id-3484\/"},"modified":"2025-10-13T15:35:16","modified_gmt":"2025-10-13T12:35:16","slug":"funda-para-lente-con-lona-negra","status":"publish","type":"product","link":"https:\/\/desiredleather.com\/es\/shop\/funda-para-lente-con-lona-negra\/","title":{"rendered":"Funda para lente con lona negra"},"content":{"rendered":"<p>La funda para objetivo est\u00e1 hecha de lona negra impermeable. Una espuma de dureza media en el interior protege su objetivo de los impactos.<\/p>\n<p>El color de los detalles en piel est\u00e1 a su elecci\u00f3n, y puede combinar con el color de las correas de la c\u00e1mara.<\/p>\n<p>C\u00f3moda y elegante, puede colgarla en el cintur\u00f3n, en la correa de la c\u00e1mara o usarla por separado con su propia correa de hombro.<\/p>\n<p>TAMA\u00d1O &amp; AJUSTE<\/p>\n<p>Para el pedido est\u00e1n disponibles tres versiones de fundas:<\/p>\n<p>1. Funda para objetivo peque\u00f1a: Altura &#8211; ajustable desde 4&#8243;-5.6&#8243; x Ancho- 3&#8243; x Profundidad- 3.<br \/>\n2. Funda para objetivo mediana: Altura &#8211; ajustable desde 7.6&#8243;-9&#8243; x Ancho- 4&#8243; x Profundidad- 3.5&#8243;<br \/>\n3. Funda para objetivo grande: Altura &#8211; ajustable desde 11&#8243;-13&#8243; x Ancho- 4.76&#8243; x Profundidad- 4&#8243;<\/p>\n","protected":false},"excerpt":{"rendered":"<p>La funda para objetivo est\u00e1 hecha de lona negra impermeable. Una espuma de dureza media en el interior protege su<\/p>\n","protected":false},"featured_media":21410,"comment_status":"open","ping_status":"closed","template":"","meta":{"content-type":""},"product_brand":[],"product_cat":[503,510],"product_tag":[],"class_list":{"0":"post-21409","1":"product","2":"type-product","3":"status-publish","4":"has-post-thumbnail","6":"product_cat-accesorios-para-fotografos","7":"product_cat-bolsa-para-lentes","9":"first","10":"instock","11":"shipping-taxable","12":"purchasable","13":"product-type-variable"},"_links":{"self":[{"href":"https:\/\/desiredleather.com\/es\/wp-json\/wp\/v2\/product\/21409","targetHints":{"allow":["GET"]}}],"collection":[{"href":"https:\/\/desiredleather.com\/es\/wp-json\/wp\/v2\/product"}],"about":[{"href":"https:\/\/desiredleather.com\/es\/wp-json\/wp\/v2\/types\/product"}],"replies":[{"embeddable":true,"href":"https:\/\/desiredleather.com\/es\/wp-json\/wp\/v2\/comments?post=21409"}],"wp:featuredmedia":[{"embeddable":true,"href":"https:\/\/desiredleather.com\/es\/wp-json\/wp\/v2\/media\/21410"}],"wp:attachment":[{"href":"https:\/\/desiredleather.com\/es\/wp-json\/wp\/v2\/media?parent=21409"}],"wp:term":[{"taxonomy":"product_brand","embeddable":true,"href":"https:\/\/desiredleather.com\/es\/wp-json\/wp\/v2\/product_brand?post=21409"},{"taxonomy":"product_cat","embeddable":true,"href":"https:\/\/desiredleather.com\/es\/wp-json\/wp\/v2\/product_cat?post=21409"},{"taxonomy":"product_tag","embeddable":true,"href":"https:\/\/desiredleather.com\/es\/wp-json\/wp\/v2\/product_tag?post=21409"}],"curies":[{"name":"wp","href":"https:\/\/api.w.org\/{rel}","templated":true}]}}