{"id":21374,"date":"2019-11-08T17:21:40","date_gmt":"2019-11-08T14:21:40","guid":{"rendered":"https:\/\/desiredleather.com\/shop\/translation-placeholder-for-product-id-2688\/"},"modified":"2025-10-13T16:18:08","modified_gmt":"2025-10-13T13:18:08","slug":"arnes-de-camara-mono","status":"publish","type":"product","link":"https:\/\/desiredleather.com\/es\/shop\/arnes-de-camara-mono\/","title":{"rendered":"Arn\u00e9s de c\u00e1mara mono"},"content":{"rendered":"<p>Arn\u00e9s para fot\u00f3grafo individual de cuero genuino. Las correas est\u00e1n hechas a mano utilizando lo mejor de diversos materiales y herrajes. Las correas mono para c\u00e1mara son adecuadas para cualquier tipo de c\u00e1mara.<\/p>\n<p>El kit incluye todo lo necesario para su uso. No hay nada que comprar por separado.<\/p>\n<p>Producto hecho a mano.<\/p>\n<p>La fijaci\u00f3n fuerte y segura garantiza soportar m\u00e1s de 15 kg.<\/p>\n<p>La correa completa de 1.5&#8243; de ancho se ajusta f\u00e1cilmente a todo tipo de cuerpo con la hebilla met\u00e1lica en la parte trasera.<\/p>\n<p>Esas correas son ajustables, y adem\u00e1s hemos a\u00f1adido tallas para quienes son m\u00e1s peque\u00f1os o m\u00e1s grandes que lo habitual.<br \/>\n<strong>S &#8211; Aproximadamente 175cm de altura o menos, y 70kg o menos.<\/strong><br \/>\n<strong>M &#8211; 175 &#8211; 187cm de altura, y 70 &#8211; 95kg.<\/strong><br \/>\n<strong>XL &#8211; 187cm de altura o m\u00e1s, y 95kg o m\u00e1s.<\/strong><br \/>\n&#8211; y en cualquier caso, si hay algo que no entiendes, env\u00edanos un mensaje y te asesoraremos!<\/p>\n<p>Ancho del cintur\u00f3n \u2013 2.5 cm (1 inch) en los hombros 4 cm<\/p>\n<p>Material \u2013 piel de plena flor<\/p>\n<p>Herrajes \u2013 acero inoxidable<\/p>\n<p>Costura \u2013 no<\/p>\n<p>Logo \u2013 no<\/p>\n<p>Color &#8211; a elegir<\/p>\n<p>En la caja &#8211; correa y un deslizador. Est\u00e1 completamente listo para su uso<\/p>\n","protected":false},"excerpt":{"rendered":"<p>Arn\u00e9s para fot\u00f3grafo individual de cuero genuino. Las correas est\u00e1n hechas a mano utilizando lo mejor de diversos materiales y<\/p>\n","protected":false},"featured_media":21380,"comment_status":"open","ping_status":"closed","template":"","meta":{"content-type":""},"product_brand":[],"product_cat":[503,507],"product_tag":[],"class_list":{"0":"post-21374","1":"product","2":"type-product","3":"status-publish","4":"has-post-thumbnail","6":"product_cat-accesorios-para-fotografos","7":"product_cat-correa-de-camara-individual","9":"first","10":"instock","11":"shipping-taxable","12":"purchasable","13":"product-type-variable"},"_links":{"self":[{"href":"https:\/\/desiredleather.com\/es\/wp-json\/wp\/v2\/product\/21374","targetHints":{"allow":["GET"]}}],"collection":[{"href":"https:\/\/desiredleather.com\/es\/wp-json\/wp\/v2\/product"}],"about":[{"href":"https:\/\/desiredleather.com\/es\/wp-json\/wp\/v2\/types\/product"}],"replies":[{"embeddable":true,"href":"https:\/\/desiredleather.com\/es\/wp-json\/wp\/v2\/comments?post=21374"}],"wp:featuredmedia":[{"embeddable":true,"href":"https:\/\/desiredleather.com\/es\/wp-json\/wp\/v2\/media\/21380"}],"wp:attachment":[{"href":"https:\/\/desiredleather.com\/es\/wp-json\/wp\/v2\/media?parent=21374"}],"wp:term":[{"taxonomy":"product_brand","embeddable":true,"href":"https:\/\/desiredleather.com\/es\/wp-json\/wp\/v2\/product_brand?post=21374"},{"taxonomy":"product_cat","embeddable":true,"href":"https:\/\/desiredleather.com\/es\/wp-json\/wp\/v2\/product_cat?post=21374"},{"taxonomy":"product_tag","embeddable":true,"href":"https:\/\/desiredleather.com\/es\/wp-json\/wp\/v2\/product_tag?post=21374"}],"curies":[{"name":"wp","href":"https:\/\/api.w.org\/{rel}","templated":true}]}}