{"id":21279,"date":"2019-03-26T20:26:42","date_gmt":"2019-03-26T17:26:42","guid":{"rendered":"https:\/\/desiredleather.com\/shop\/translation-placeholder-for-product-id-939\/"},"modified":"2025-10-13T17:41:46","modified_gmt":"2025-10-13T14:41:46","slug":"correa-de-mano-de-cuero-ajustable-para-camara","status":"publish","type":"product","link":"https:\/\/desiredleather.com\/es\/shop\/correa-de-mano-de-cuero-ajustable-para-camara\/","title":{"rendered":"Correa de mano de cuero ajustable para c\u00e1mara"},"content":{"rendered":"<p>La correa de mano de piel para c\u00e1mara es un accesorio pr\u00e1ctico, elegante y extremadamente c\u00f3modo que puedes tener. Te ayuda a reducir el peso de la c\u00e1mara en los dedos, manteniendo la c\u00e1mara lista para disparar en todo momento.<\/p>\n<p>La correa de mu\u00f1eca para c\u00e1mara est\u00e1 dise\u00f1ada para proporcionarte comodidad durante el disparo, de modo que obtengas el m\u00e1ximo de tu correa y pueda ajustarse a cualquier tama\u00f1o de mu\u00f1eca.<\/p>\n<p>F E A T U R E S :<\/p>\n<p>&#8211; Ajustable a cualquier tama\u00f1o de mano.<br \/>\n&#8211; Extremadamente c\u00f3moda.<br \/>\n&#8211; Tornillo de 1\/4&#8243; para c\u00e1mara incluido.<br \/>\n&#8211; Para todas las c\u00e1maras DSLR, SLR y vintage.<br \/>\n&#8211; Piel de vacuno de plena flor, curtida al vegetal.<br \/>\n&#8211; Regalo perfecto, o presente complementario para una c\u00e1mara.<\/p>\n<p>Hecho a mano con piel de vacuno 100% genuina de plena flor.<\/p>\n<p>Debido a sus propiedades naturales, la piel de plena flor conserva trazas de vida y desarrolla una p\u00e1tina natural que se embellece con la edad; tambi\u00e9n podr\u00e1s apreciar marcas naturales que no deben considerarse imperfecciones, sino una verdadera muestra de calidad natural.<\/p>\n<p>Tornillo de 1\/4&#8243; para c\u00e1mara incluido con cada correa de agarre para c\u00e1mara.<\/p>\n","protected":false},"excerpt":{"rendered":"<p>La correa de mano de piel para c\u00e1mara es un accesorio pr\u00e1ctico, elegante y extremadamente c\u00f3modo que puedes tener. Te<\/p>\n","protected":false},"featured_media":21281,"comment_status":"open","ping_status":"closed","template":"","meta":{"content-type":""},"product_brand":[],"product_cat":[503,513],"product_tag":[],"class_list":{"0":"post-21279","1":"product","2":"type-product","3":"status-publish","4":"has-post-thumbnail","6":"product_cat-accesorios-para-fotografos","7":"product_cat-accesorios-adicionales","9":"first","10":"instock","11":"shipping-taxable","12":"purchasable","13":"product-type-variable"},"_links":{"self":[{"href":"https:\/\/desiredleather.com\/es\/wp-json\/wp\/v2\/product\/21279","targetHints":{"allow":["GET"]}}],"collection":[{"href":"https:\/\/desiredleather.com\/es\/wp-json\/wp\/v2\/product"}],"about":[{"href":"https:\/\/desiredleather.com\/es\/wp-json\/wp\/v2\/types\/product"}],"replies":[{"embeddable":true,"href":"https:\/\/desiredleather.com\/es\/wp-json\/wp\/v2\/comments?post=21279"}],"wp:featuredmedia":[{"embeddable":true,"href":"https:\/\/desiredleather.com\/es\/wp-json\/wp\/v2\/media\/21281"}],"wp:attachment":[{"href":"https:\/\/desiredleather.com\/es\/wp-json\/wp\/v2\/media?parent=21279"}],"wp:term":[{"taxonomy":"product_brand","embeddable":true,"href":"https:\/\/desiredleather.com\/es\/wp-json\/wp\/v2\/product_brand?post=21279"},{"taxonomy":"product_cat","embeddable":true,"href":"https:\/\/desiredleather.com\/es\/wp-json\/wp\/v2\/product_cat?post=21279"},{"taxonomy":"product_tag","embeddable":true,"href":"https:\/\/desiredleather.com\/es\/wp-json\/wp\/v2\/product_tag?post=21279"}],"curies":[{"name":"wp","href":"https:\/\/api.w.org\/{rel}","templated":true}]}}