{"id":24496,"date":"2025-09-29T16:26:40","date_gmt":"2025-09-29T13:26:40","guid":{"rendered":"https:\/\/desiredleather.com\/entrega-y-envio\/"},"modified":"2025-09-29T16:26:43","modified_gmt":"2025-09-29T13:26:43","slug":"entrega-y-envio","status":"publish","type":"page","link":"https:\/\/desiredleather.com\/es\/entrega-y-envio\/","title":{"rendered":"Entrega y env\u00edo"},"content":{"rendered":"<div class=\"wpb-content-wrapper\"><p>[vc_row][vc_column][vc_column_text woodmart_inline=&#8221;no&#8221; text_larger=&#8221;no&#8221;]<\/p>\n<div class=\"jas-container\">\n<div class=\"vc_row\">\n<div class=\"wpb_column vc_column_container vc_col-sm-12\">\n<div class=\"vc_column-inner \">\n<div class=\"wpb_wrapper\">\n<div class=\"wpb_text_column wpb_content_element \">\n<div class=\"wpb_wrapper\">\n<h6>Entregamos paquetes en todo el mundo. Las zonas de entrega se enumeran a continuaci\u00f3n; seg\u00fan ellas, el tiempo de entrega var\u00eda. <\/h6>\n<h6>No te confundas, entregamos paquetes a todos los pa\u00edses.<\/h6>\n<h6><strong><em>Tiempo de procesamiento<\/em><\/strong><\/h6>\n<p>El tiempo que necesito para preparar un pedido para el env\u00edo es de 2 a 5 d\u00edas.<\/p>\n<p><strong><em>Tiempos estimados de env\u00edo:<\/em><\/strong><\/p>\n<h6><strong><span class=\"text-gray-lighter\" data-region=\"estimate-display-name\" data-value=\"79\">Tiempo para el env\u00edo expr\u00e9s:<\/span><\/strong><\/h6>\n<div data-policy-display=\"\"> <\/div>\n<div data-policy-display=\"\">En todo el mundo: 2-5 d\u00edas<\/div>\n<\/div>\n<div data-policy-display=\"\"> <\/div>\n<\/div>\n<\/div>\n<\/div>\n<\/div>\n<div class=\"wpb_column vc_column_container vc_col-sm-12\">\n<div class=\"vc_column-inner \">\n<div class=\"wpb_wrapper\">\n<div class=\"wpb_text_column wpb_content_element \">\n<div class=\"wpb_wrapper\">\n<h6 class=\"b pb-xs-2\"><strong><span class=\"text-gray-lighter\" data-region=\"estimate-display-name\" data-value=\"79\">Tiempo para el env\u00edo econ\u00f3mico:<\/span><\/strong><\/h6>\n<div><strong>Amigos, tengan paciencia, no controlamos el trabajo del servicio postal, y existen retrasos y fallos. No podemos garantizar los tiempos de funcionamiento del correo nacional.  <\/strong><\/div>\n<div> <\/div>\n<div class=\"b pb-xs-2\"><span class=\"text-gray-lighter\" data-region=\"estimate-display-name\" data-value=\"79\">Canad\u00e1:<\/span> <span class=\"pl-xs-1\">4-6 semanas<\/span><\/div>\n<div class=\"\" data-region=\"shipping-estimates-table\">\n<div data-shipping-estimate=\"\">\n<div class=\"col-group\">\n<div class=\"col-xs-11 pl-xs-0 pr-xs-0\">\n<div class=\"pb-xs-2\" data-policy-display=\"\"><span class=\"text-gray-lighter\" data-region=\"estimate-display-name\" data-value=\"128\">Italia, Espa\u00f1a, Portugal:<\/span> <span class=\"pl-xs-1\">3-5 semanas<\/span><\/div>\n<\/div>\n<\/div>\n<\/div>\n<div data-shipping-estimate=\"\">\n<div class=\"col-group\">\n<div class=\"col-xs-11 pl-xs-0 pr-xs-0\">\n<div class=\"pb-xs-2\" data-policy-display=\"\"><span class=\"text-gray-lighter\" data-region=\"estimate-display-name\" data-value=\"209\">Estados Unidos:<\/span> <span class=\"pl-xs-1\">2-3 semanas<\/span><\/div>\n<\/div>\n<\/div>\n<\/div>\n<div data-shipping-estimate=\"\">\n<div class=\"col-group\">\n<div class=\"col-xs-11 pl-xs-0 pr-xs-0\">\n<div class=\"pb-xs-2\" data-policy-display=\"\"><span class=\"text-gray-lighter\" data-region=\"estimate-display-name\" data-value=\"europe\">Europa:<\/span> <span class=\"pl-xs-1\">2-3 semanas<\/span><\/div>\n<\/div>\n<\/div>\n<\/div>\n<div data-shipping-estimate=\"\">\n<div class=\"col-group\">\n<div class=\"col-xs-11 pl-xs-0 pr-xs-0\">\n<div class=\"pb-xs-2\" data-policy-display=\"\"><span class=\"text-gray-lighter\" data-region=\"estimate-display-name\" data-value=\"asia\">Asia-Pac\u00edfico: <\/span><span class=\"pl-xs-1\">3-4 semanas<\/span><\/div>\n<div data-policy-display=\"\"> <\/div>\n<div data-policy-display=\"\">Har\u00e9 todo lo posible por cumplir con estos plazos de env\u00edo, pero no puedo garantizarlos. El tiempo real de entrega depender\u00e1 del m\u00e9todo de env\u00edo que elijas. <\/div>\n<\/div>\n<\/div>\n<\/div>\n<\/div>\n<div data-policy-display=\"\"> <\/div>\n<h5><strong><em>Aduanas e impuestos de importaci\u00f3n<\/em><\/strong><\/h5>\n<p>Si realizas un pedido desde Europa, es posible que se te cobren impuestos de importaci\u00f3n adicionales, de acuerdo con la legislaci\u00f3n de tu pa\u00eds (principalmente para el tipo de entrega acelerada).<\/p>\n<p>Los compradores son responsables de cualquier impuesto de aduana e importaci\u00f3n que pueda aplicarse.<br \/>No me hago responsable de los retrasos debidos a la aduana.<\/p>\n<\/div>\n<\/div>\n<\/div>\n<\/div>\n<\/div>\n<\/div>\n<\/div>\n<div class=\"jas-container\">\n<div class=\"vc_row\">\n<div class=\"wpb_column vc_column_container vc_col-sm-12\">\n<div class=\"vc_column-inner \">\n<div class=\"wpb_wrapper\">\n<div class=\"wpb_text_column wpb_content_element \">\n<div class=\"wpb_wrapper\"> <\/div>\n<\/div>\n<\/div>\n<\/div>\n<\/div>\n<\/div>\n<\/div>\n<div class=\"jas-container\">\n<div class=\"vc_row\"> <\/div>\n<\/div>\n<p>[\/vc_column_text][\/vc_column][\/vc_row][vc_row][vc_column][vc_column_text]<\/p>\n[\/vc_column_text][\/vc_column][\/vc_row][vc_row][\/vc_row][vc_column][\/vc_column]<\/div>","protected":false},"excerpt":{"rendered":"<p>[vc_row][vc_column][vc_column_text woodmart_inline=&#8221;no&#8221; text_larger=&#8221;no&#8221;] Entregamos paquetes en todo el mundo. Las zonas de entrega se enumeran a continuaci\u00f3n; seg\u00fan ellas, el<\/p>\n","protected":false},"author":1,"featured_media":0,"parent":0,"menu_order":0,"comment_status":"closed","ping_status":"closed","template":"","meta":{"content-type":"","footnotes":""},"class_list":["post-24496","page","type-page","status-publish","hentry"],"_links":{"self":[{"href":"https:\/\/desiredleather.com\/es\/wp-json\/wp\/v2\/pages\/24496","targetHints":{"allow":["GET"]}}],"collection":[{"href":"https:\/\/desiredleather.com\/es\/wp-json\/wp\/v2\/pages"}],"about":[{"href":"https:\/\/desiredleather.com\/es\/wp-json\/wp\/v2\/types\/page"}],"author":[{"embeddable":true,"href":"https:\/\/desiredleather.com\/es\/wp-json\/wp\/v2\/users\/1"}],"replies":[{"embeddable":true,"href":"https:\/\/desiredleather.com\/es\/wp-json\/wp\/v2\/comments?post=24496"}],"version-history":[{"count":0,"href":"https:\/\/desiredleather.com\/es\/wp-json\/wp\/v2\/pages\/24496\/revisions"}],"wp:attachment":[{"href":"https:\/\/desiredleather.com\/es\/wp-json\/wp\/v2\/media?parent=24496"}],"curies":[{"name":"wp","href":"https:\/\/api.w.org\/{rel}","templated":true}]}}