{"id":21217,"date":"2025-08-19T15:20:44","date_gmt":"2025-08-19T12:20:44","guid":{"rendered":"https:\/\/desiredleather.com\/sobre-nosotros\/"},"modified":"2025-10-07T11:07:00","modified_gmt":"2025-10-07T08:07:00","slug":"sobre-nosotros","status":"publish","type":"page","link":"https:\/\/desiredleather.com\/es\/sobre-nosotros\/","title":{"rendered":"Sobre nosotros"},"content":{"rendered":"<div class=\"wpb-content-wrapper\"><p>[vc_row][vc_column][vc_column_text css=&#8221;&#8221; woodmart_inline=&#8221;no&#8221; text_larger=&#8221;no&#8221;][vc_row][vc_column][vc_column_text][\/vc_column_text][vc_column_text css=&#8221;&#8221; woodmart_inline=&#8221;no&#8221; text_larger=&#8221;no&#8221;]<\/p>\n<h3>[\/vc_column_text][\/vc_column][\/vc_row][vc_row][vc_column][vc_column_text]Bienvenido a DesiredLeather.com, el destino ideal para fot\u00f3grafos profesionales en busca de correas de c\u00e1mara de cuero de alta calidad. Nuestras correas hechas a mano est\u00e1n dise\u00f1adas para ofrecer una soluci\u00f3n segura y elegante para todo tipo de c\u00e1maras, incluidas las <span class=\"error-spellcheck\" data-word=\"vintage\" data-suggestion=\"vinta-ge|vinta|vinta ge\">vintage<\/span> y modernas de marcas l\u00edderes como <span class=\"error-spellcheck\" data-word=\"Fujifilm\" data-suggestion=\"Filmina\">Fujifilm<\/span>, Canon, <span class=\"error-spellcheck\" data-word=\"Nikon\" data-suggestion=\"Nonio\">Nikon<\/span>, <span class=\"error-spellcheck\" data-word=\"Sony\" data-suggestion=\"Son|Soy|Son\u00e1|Son\u00e9|Son\u00f3|Son y\">Sony<\/span> y m\u00e1s.<\/h3>\n<p>[\/vc_column_text][vc_column_text css=&#8221;&#8221; woodmart_inline=&#8221;no&#8221; text_larger=&#8221;no&#8221;]Nuestras correas de c\u00e1mara <span class=\"error-spellcheck\" data-word=\"premium\" data-suggestion=\"premir|presumir\">premium<\/span> est\u00e1n hechas de cuero de vaca de flor entera, lo que garantiza una resistencia y durabilidad excepcionales. Cada correa est\u00e1 hecha a mano con cuidado, y nuestros herrajes seguros brindan tranquilidad incluso durante las sesiones fotogr\u00e1ficas m\u00e1s exigentes.[\/vc_column_text][vc_column_text css=&#8221;&#8221; woodmart_inline=&#8221;no&#8221; text_larger=&#8221;no&#8221;]Ofrecemos una variedad de correas de c\u00e1mara de cuero \u00fanicas, personalizables para adaptarse a tu estilo y necesidades individuales. Ya seas un fot\u00f3grafo profesional o un aficionado, nuestras correas de cuero para c\u00e1mara son un accesorio imprescindible para tu c\u00e1mara.[\/vc_column_text][vc_column_text css=&#8221;&#8221; woodmart_inline=&#8221;no&#8221; text_larger=&#8221;no&#8221;]En DesiredLeather.com ofrecemos correas de c\u00e1mara de cuero asequibles con env\u00edo gratuito, lo que facilita comprar correas de cuero para c\u00e1mara en l\u00ednea. Atendemos a todos los g\u00e9neros, con correas de cuero para c\u00e1mara tanto para hombres como para mujeres.[\/vc_column_text][vc_column_text css=&#8221;&#8221; woodmart_inline=&#8221;no&#8221; text_larger=&#8221;no&#8221;]Nuestras correas de c\u00e1mara de cuero son compatibles con todo tipo de c\u00e1maras, incluidas las <span class=\"error-spellcheck\" data-word=\"DSLR\" data-suggestion=\"DVDS\">DSLR<\/span> y las sin espejo. Adem\u00e1s, cada correa de c\u00e1mara incluye correas de seguridad adicionales en el precio para brindar mayor protecci\u00f3n durante su uso.[\/vc_column_text][vc_column_text css=&#8221;&#8221; woodmart_inline=&#8221;no&#8221; text_larger=&#8221;no&#8221;]Mejora tu equipo fotogr\u00e1fico con nuestras elegantes y funcionales correas de c\u00e1mara de cuero. Compra nuestra colecci\u00f3n hoy y experimenta la calidad y la artesan\u00eda de DesiredLeather.com.[\/vc_column_text][vc_column_text css=&#8221;&#8221; woodmart_inline=&#8221;no&#8221; text_larger=&#8221;no&#8221;]Escr\u00edbenos: estaremos encantados de responder a todas tus preguntas y aceptar cualquiera de tus sugerencias.[\/vc_column_text][\/vc_column][\/vc_row]<\/p>\n<\/div>","protected":false},"excerpt":{"rendered":"<p>[vc_row][vc_column][vc_column_text css=&#8221;&#8221; woodmart_inline=&#8221;no&#8221; text_larger=&#8221;no&#8221;][vc_row][vc_column][vc_column_text][\/vc_column_text][vc_column_text css=&#8221;&#8221; woodmart_inline=&#8221;no&#8221; text_larger=&#8221;no&#8221;] [\/vc_column_text][\/vc_column][\/vc_row][vc_row][vc_column][vc_column_text]Bienvenido a DesiredLeather.com, el destino ideal para fot\u00f3grafos profesionales en busca de correas<\/p>\n","protected":false},"author":1,"featured_media":0,"parent":0,"menu_order":0,"comment_status":"closed","ping_status":"closed","template":"","meta":{"content-type":"","footnotes":""},"class_list":["post-21217","page","type-page","status-publish","hentry"],"_links":{"self":[{"href":"https:\/\/desiredleather.com\/es\/wp-json\/wp\/v2\/pages\/21217","targetHints":{"allow":["GET"]}}],"collection":[{"href":"https:\/\/desiredleather.com\/es\/wp-json\/wp\/v2\/pages"}],"about":[{"href":"https:\/\/desiredleather.com\/es\/wp-json\/wp\/v2\/types\/page"}],"author":[{"embeddable":true,"href":"https:\/\/desiredleather.com\/es\/wp-json\/wp\/v2\/users\/1"}],"replies":[{"embeddable":true,"href":"https:\/\/desiredleather.com\/es\/wp-json\/wp\/v2\/comments?post=21217"}],"version-history":[{"count":0,"href":"https:\/\/desiredleather.com\/es\/wp-json\/wp\/v2\/pages\/21217\/revisions"}],"wp:attachment":[{"href":"https:\/\/desiredleather.com\/es\/wp-json\/wp\/v2\/media?parent=21217"}],"curies":[{"name":"wp","href":"https:\/\/api.w.org\/{rel}","templated":true}]}}