{"id":23365,"date":"2020-03-19T16:07:15","date_gmt":"2020-03-19T13:07:15","guid":{"rendered":"https:\/\/desiredleather.com\/shop\/translation-placeholder-for-product-id-6430\/"},"modified":"2025-10-17T16:11:02","modified_gmt":"2025-10-17T13:11:02","slug":"steampunk-ledermaske","status":"publish","type":"product","link":"https:\/\/desiredleather.com\/de\/shop\/steampunk-ledermaske\/","title":{"rendered":"Steampunk-Ledermaske"},"content":{"rendered":"<h3>Ledermaske im Steampunk-Stil.<\/h3>\n<p>Du wolltest eine Steampunk-Maske, aber es gab keinen Grund?<br \/>\n\u2800<br \/>\nAlso ist er angekommen.<br \/>\nNutze den Moment, in dem es wirklich m\u00f6glich ist, Quarant\u00e4ne und Ausdrucksfreiheit zu verbinden\ud83d\udd25<br \/>\n\u2800<br \/>\nIm Inneren kannst du eine medizinische Maske, Filter aus Stoff &#8230; platzieren.<br \/>\n\u2800<br \/>\nWir fertigen eine Maske in 1-2 Tagen.<br \/>\n\u2800<br \/>\n\u2714 Echtes Leder sch\u00fctzt vor Wind, Staub, b\u00f6sem Blick. Dasselbe Virus wird sich zuerst f\u00fcrchten.<br \/>\n\u2714 Zuverl\u00e4ssige Befestigungen lassen kein Abspringen oder Wegfliegen zu.<br \/>\n\u2714 Ideal f\u00fcr Motorrad- und Fahrradfahrer.<br \/>\n\u2800<br \/>\nGr\u00f6\u00dfe verstellbar.<\/p>\n","protected":false},"excerpt":{"rendered":"<p>Ledermaske im Steampunk-Stil. Du wolltest eine Steampunk-Maske, aber es gab keinen Grund? \u2800 Also ist er angekommen. Nutze den Moment,<\/p>\n","protected":false},"featured_media":23374,"comment_status":"open","ping_status":"closed","template":"","meta":{"content-type":""},"product_brand":[],"product_cat":[491],"product_tag":[],"class_list":{"0":"post-23365","1":"product","2":"type-product","3":"status-publish","4":"has-post-thumbnail","6":"product_cat-lifestyle-lederaccessoires","7":"product_shipping_class-international","9":"first","10":"instock","11":"shipping-taxable","12":"purchasable","13":"product-type-variable"},"_links":{"self":[{"href":"https:\/\/desiredleather.com\/de\/wp-json\/wp\/v2\/product\/23365","targetHints":{"allow":["GET"]}}],"collection":[{"href":"https:\/\/desiredleather.com\/de\/wp-json\/wp\/v2\/product"}],"about":[{"href":"https:\/\/desiredleather.com\/de\/wp-json\/wp\/v2\/types\/product"}],"replies":[{"embeddable":true,"href":"https:\/\/desiredleather.com\/de\/wp-json\/wp\/v2\/comments?post=23365"}],"wp:featuredmedia":[{"embeddable":true,"href":"https:\/\/desiredleather.com\/de\/wp-json\/wp\/v2\/media\/23374"}],"wp:attachment":[{"href":"https:\/\/desiredleather.com\/de\/wp-json\/wp\/v2\/media?parent=23365"}],"wp:term":[{"taxonomy":"product_brand","embeddable":true,"href":"https:\/\/desiredleather.com\/de\/wp-json\/wp\/v2\/product_brand?post=23365"},{"taxonomy":"product_cat","embeddable":true,"href":"https:\/\/desiredleather.com\/de\/wp-json\/wp\/v2\/product_cat?post=23365"},{"taxonomy":"product_tag","embeddable":true,"href":"https:\/\/desiredleather.com\/de\/wp-json\/wp\/v2\/product_tag?post=23365"}],"curies":[{"name":"wp","href":"https:\/\/api.w.org\/{rel}","templated":true}]}}