{"id":23353,"date":"2020-03-09T21:06:36","date_gmt":"2020-03-09T18:06:36","guid":{"rendered":"https:\/\/desiredleather.com\/shop\/translation-placeholder-for-product-id-5778\/"},"modified":"2025-10-17T16:17:21","modified_gmt":"2025-10-17T13:17:21","slug":"ledergurtel-ohne-nahte","status":"publish","type":"product","link":"https:\/\/desiredleather.com\/de\/shop\/ledergurtel-ohne-nahte\/","title":{"rendered":"Lederg\u00fcrtel ohne N\u00e4hte"},"content":{"rendered":"<p>SO BEQUEM, DASS ER ZU IHREM T\u00c4GLICHEN G\u00dcRTEL WIRD! =)<\/p>\n<p>Wenn Sie die billigen G\u00fcrtel, die immer auseinanderfallen, leid sind, geben Sie ihm eine Chance.<br \/>\nG\u00f6nnen Sie sich den G\u00fcrtel, der alle Ihre alten G\u00fcrtel ersetzen kann.<br \/>\nPerfekt f\u00fcr den t\u00e4glichen Gebrauch als Arbeitsg\u00fcrtel oder als Freizeitg\u00fcrtel.<\/p>\n","protected":false},"excerpt":{"rendered":"<p>SO BEQUEM, DASS ER ZU IHREM T\u00c4GLICHEN G\u00dcRTEL WIRD! =) Wenn Sie die billigen G\u00fcrtel, die immer auseinanderfallen, leid sind,<\/p>\n","protected":false},"featured_media":23354,"comment_status":"open","ping_status":"closed","template":"","meta":{"content-type":""},"product_brand":[],"product_cat":[491,485,501],"product_tag":[],"class_list":{"0":"post-23353","1":"product","2":"type-product","3":"status-publish","4":"has-post-thumbnail","6":"product_cat-lifestyle-lederaccessoires","7":"product_cat-fotografenzubehor","8":"product_cat-zusatzliche-lederaccessoires","9":"product_shipping_class-international","11":"first","12":"instock","13":"shipping-taxable","14":"purchasable","15":"product-type-variable"},"_links":{"self":[{"href":"https:\/\/desiredleather.com\/de\/wp-json\/wp\/v2\/product\/23353","targetHints":{"allow":["GET"]}}],"collection":[{"href":"https:\/\/desiredleather.com\/de\/wp-json\/wp\/v2\/product"}],"about":[{"href":"https:\/\/desiredleather.com\/de\/wp-json\/wp\/v2\/types\/product"}],"replies":[{"embeddable":true,"href":"https:\/\/desiredleather.com\/de\/wp-json\/wp\/v2\/comments?post=23353"}],"wp:featuredmedia":[{"embeddable":true,"href":"https:\/\/desiredleather.com\/de\/wp-json\/wp\/v2\/media\/23354"}],"wp:attachment":[{"href":"https:\/\/desiredleather.com\/de\/wp-json\/wp\/v2\/media?parent=23353"}],"wp:term":[{"taxonomy":"product_brand","embeddable":true,"href":"https:\/\/desiredleather.com\/de\/wp-json\/wp\/v2\/product_brand?post=23353"},{"taxonomy":"product_cat","embeddable":true,"href":"https:\/\/desiredleather.com\/de\/wp-json\/wp\/v2\/product_cat?post=23353"},{"taxonomy":"product_tag","embeddable":true,"href":"https:\/\/desiredleather.com\/de\/wp-json\/wp\/v2\/product_tag?post=23353"}],"curies":[{"name":"wp","href":"https:\/\/api.w.org\/{rel}","templated":true}]}}